{"id":104,"date":"2022-08-14T15:21:43","date_gmt":"2022-08-14T15:21:43","guid":{"rendered":"http:\/\/stelladigitalcreations.com\/?page_id=104"},"modified":"2022-12-28T18:26:39","modified_gmt":"2022-12-28T17:26:39","slug":"proofreading","status":"publish","type":"page","link":"https:\/\/stelladigitalcreations.com\/sr\/proofreading","title":{"rendered":"Proofreading"},"content":{"rendered":"\n<blockquote class=\"wp-block-quote has-text-align-right is-style-default is-layout-flow wp-block-quote-is-layout-flow\">\n<p><strong><em>\u2018\u2019A man who has committed a mistake and does not correct it, is committing another mistake.\u2019\u2019<\/em><\/strong><\/p>\n<cite>&#8211; Confucius<\/cite><\/blockquote>\n\n\n\n<p>Do not let grammatical, spelling, punctuation and similar kind of errors throw a shadow on your written work. The proofreading service offered at Stella Digital Creations aims at detecting and correcting errors in your texts, making sure they become faultless. Upon request, also stylistic alteration can be undertaken.<\/p>\n\n\n\n<p>Proofreading service is currently offered for the following languages:<\/p>\n\n\n\n<ul>\n<li>English<\/li>\n\n\n\n<li>German<\/li>\n\n\n\n<li>Italian<\/li>\n\n\n\n<li>Croatian\/Serbian\/Bosnian\/Montenegrin&nbsp;<\/li>\n<\/ul>\n\n\n\n<p>It is performed by native speakers of the listed languages.<\/p>\n\n\n\n<h2 class=\"wp-block-heading\">Proofreading Services &#8211; tailored to your needs!<\/h2>\n\n\n\n<p>Stella Digital Creations offers proofreading services for all needs. You need a proofreading right away? Check out our EasyProofreading service that allows you to submit your text for proofreading efficiently just here and now and receive it back corrected within 3 days. Need it faster? No problem. Our ProofreadNow! and ProofreadNow!+ services provide you with the proofread text within 12 or 24 hours, depending on your plan selected. You need proofreading for a longer piece of writing? Explore individual solutions.<\/p>\n\n\n<style>.kt-tabs-id_fe364d-6d > .kt-tabs-content-wrap > .wp-block-kadence-tab{border-top-width:3px;border-right-width:0px;border-bottom-width:0px;border-left-width:0px;border-color:#0a6689;border-top-left-radius:0px;border-top-right-radius:0px;border-bottom-right-radius:0px;border-bottom-left-radius:0px;padding-top:var(--global-kb-spacing-sm, 1.5rem);padding-right:var(--global-kb-spacing-sm, 1.5rem);padding-bottom:var(--global-kb-spacing-sm, 1.5rem);padding-left:var(--global-kb-spacing-sm, 1.5rem);background:#ffffff;}.wp-block-kadence-tabs .kt-tabs-id_fe364d-6d > .kt-tabs-title-list li{margin-top:0px;margin-right:8px;margin-bottom:0px;margin-left:0px;}.wp-block-kadence-tabs .kt-tabs-id_fe364d-6d > .kt-tabs-title-list li:last-child{margin-right:0px;}.wp-block-kadence-tabs .kt-tabs-id_fe364d-6d > .kt-tabs-title-list li .kt-tab-title, .wp-block-kadence-tabs .kt-tabs-id_fe364d-6d > .kt-tabs-content-wrap > .kt-tabs-accordion-title .kt-tab-title{line-height:1.4em;font-weight:regular;font-style:normal;border-top-width:0px;border-right-width:0px;border-bottom-width:0px;border-left-width:0px;border-top-left-radius:4px;border-top-right-radius:4px;border-bottom-right-radius:0px;border-bottom-left-radius:0px;padding-top:8px;padding-right:20px;padding-bottom:8px;padding-left:20px;border-color:#eeeeee;color:#222222;background:#eeeeee;}.wp-block-kadence-tabs .kt-tabs-id_fe364d-6d > .kt-tabs-content-wrap > .kt-tabs-accordion-title .kt-tab-title{margin-top:0px;margin-right:8px;margin-bottom:0px;margin-left:0px;}.wp-block-kadence-tabs .kt-tabs-id_fe364d-6d > .kt-tabs-title-list li .kt-tab-title:hover, .wp-block-kadence-tabs .kt-tabs-id_fe364d-6d > .kt-tabs-content-wrap > .kt-tabs-accordion-title .kt-tab-title:hover{border-color:#eeeeee;color:#222222;background:#e2e2e2;}.wp-block-kadence-tabs .kt-tabs-id_fe364d-6d > .kt-tabs-title-list li.kt-tab-title-active .kt-tab-title, .wp-block-kadence-tabs .kt-tabs-id_fe364d-6d > .kt-tabs-content-wrap > .kt-tabs-accordion-title.kt-tab-title-active .kt-tab-title{border-color:#eeeeee;color:#ffffff;background:#0a6689;}<\/style>\n<div class=\"wp-block-kadence-tabs alignnone\"><div class=\"kt-tabs-wrap kt-tabs-id_fe364d-6d kt-tabs-has-3-tabs kt-active-tab-1 kt-tabs-layout-tabs kt-tabs-tablet-layout-inherit kt-tabs-mobile-layout-inherit kt-tab-alignment-left \" style=\"max-width:none\"><ul class=\"kt-tabs-title-list\"><li id=\"tab-easyproofreading\" class=\"kt-title-item kt-title-item-1 kt-tabs-svg-show-always kt-tabs-icon-side-right kt-tab-title-active\"><a href=\"#tab-easyproofreading\" data-tab=\"1\" class=\"kt-tab-title kt-tab-title-1 \"><span class=\"kt-title-text\">EasyProofreading<\/span><\/a><\/li><li id=\"tab-proofreadnow\" class=\"kt-title-item kt-title-item-2 kt-tabs-svg-show-always kt-tabs-icon-side-right kt-tab-title-inactive\"><a href=\"#tab-proofreadnow\" data-tab=\"2\" class=\"kt-tab-title kt-tab-title-2 \"><span class=\"kt-title-text\">ProofreadNow! (+)<\/span><\/a><\/li><li id=\"tab-individualsolutions\" class=\"kt-title-item kt-title-item-3 kt-tabs-svg-show-always kt-tabs-icon-side-right kt-tab-title-inactive\"><a href=\"#tab-individualsolutions\" data-tab=\"3\" class=\"kt-tab-title kt-tab-title-3 \"><span class=\"kt-title-text\">Individual Solutions<\/span><\/a><\/li><\/ul><div class=\"kt-tabs-content-wrap\">\n<div class=\"wp-block-kadence-tab kt-tab-inner-content kt-inner-tab-1 kt-inner-tab_3fcd9c-b6\"><div class=\"kt-tab-inner-content-inner\">\n<p>With EasyProofreading you can submit your text for proofreading just here and now. With EasyProofreading, you will receive your translation within three days from payment to the email address that you have indicated. You can either submit plain text in the textbox, paying based on the number of words, or pdf documents based on the number of pages. For proofreading needs for longer texts please contact us to find an individual solution.<\/p>\n\n\n\n<h3 class=\"wp-block-heading\">How does it work?<\/h3>\n\n\n\n<ol>\n<li> Fill-in the form below with your personal data and the text that needs to be proofread<\/li>\n\n\n\n<li>Receive your order confirmation and proceed with the payment via PayPal (no PayPal account is needed though!)<\/li>\n\n\n\n<li>Receive your proofread text within 72 hours from the moment you completed the payment process to the email you have indicated<\/li>\n<\/ol>\n\n\n\n<h3 class=\"wp-block-heading\">Pricing<\/h3>\n\n\n\n<figure class=\"wp-block-table is-style-stripes has-small-font-size\"><table class=\"has-fixed-layout\"><thead><tr><th>Submission type<\/th><th>Input quantity<\/th><th>Price<\/th><\/tr><\/thead><tbody><tr><td>Plain text <br>(max. 1000 words)<\/td><td>1-34 words<br>35 -1,000 words<\/td><td>0,70 \u20ac fixed price<br>0,02 \u20ac per word<\/td><\/tr><tr><td>Documents <br>(max. 30 pages)<\/td><td>1-2 pages<br>3-30 pages<\/td><td>10,00 \u20ac per page<br>7,50 \u20ac per page<\/td><\/tr><\/tbody><\/table><figcaption class=\"wp-element-caption\">All prices before taxes; for longer submissions please explore individual solutions<\/figcaption><\/figure>\n\n\n\n<div style=\"height:50px\" aria-hidden=\"true\" class=\"wp-block-spacer\"><\/div>\n\n\n<style>.wp-block-kadence-column.kb-section-dir-horizontal > .kt-inside-inner-col > #kt-info-box_aabdbf-f3 .kt-blocks-info-box-link-wrap{max-width:unset;}#kt-info-box_aabdbf-f3 .kt-blocks-info-box-link-wrap{padding-top:var(--global-kb-spacing-xs, 1rem);padding-right:var(--global-kb-spacing-xs, 1rem);padding-bottom:var(--global-kb-spacing-xs, 1rem);padding-left:var(--global-kb-spacing-xs, 1rem);}#kt-info-box_aabdbf-f3 .kadence-info-box-icon-container .kt-info-svg-icon, #kt-info-box_aabdbf-f3 .kt-info-svg-icon-flip, #kt-info-box_aabdbf-f3 .kt-blocks-info-box-number{font-size:75px;}#kt-info-box_aabdbf-f3 .kt-blocks-info-box-media{color:#444444;border-top-width:0px;border-right-width:0px;border-bottom-width:0px;border-left-width:0px;padding-top:10px;padding-right:10px;padding-bottom:10px;padding-left:10px;}#kt-info-box_aabdbf-f3 .kt-blocks-info-box-media-container{margin-top:0px;margin-right:15px;margin-bottom:0px;margin-left:15px;}#kt-info-box_aabdbf-f3 .kt-blocks-info-box-link-wrap:hover .kt-blocks-info-box-media{color:#444444;}.wp-block-kadence-infobox#kt-info-box_aabdbf-f3 .kt-blocks-info-box-text{line-height:25px;}#kt-info-box_aabdbf-f3 .kt-blocks-info-box-learnmore{background:transparent;border-width:0px 0px 0px 0px;padding-top:4px;padding-right:8px;padding-bottom:4px;padding-left:8px;margin-top:10px;margin-right:0px;margin-bottom:10px;margin-left:0px;}<\/style>\n<div id=\"kt-info-box_aabdbf-f3\" class=\"wp-block-kadence-infobox\"><a class=\"kt-blocks-info-box-link-wrap info-box-link kt-blocks-info-box-media-align-top kt-info-halign-center\" href=\"https:\/\/stelladigitalcreations.com\/easyproofreading-proofreadnow\"><div class=\"kt-blocks-info-box-media-container\"><div class=\"kt-blocks-info-box-media kt-info-media-animate-none\"><div class=\"kadence-info-box-icon-container kt-info-icon-animate-none\"><div class=\"kadence-info-box-icon-inner-container\"><span style=\"display:block;justify-content:center;align-items:center\" class=\"kt-info-svg-icon kt-info-svg-icon-fe_arrowRightCircle\"><svg style=\"display:inline-block;vertical-align:middle\" viewBox=\"0 0 24 24\" height=\"75\" width=\"75\" fill=\"none\" stroke=\"currentColor\" xmlns=\"http:\/\/www.w3.org\/2000\/svg\" stroke-width=\"2\" stroke-linecap=\"round\" stroke-linejoin=\"round\" aria-hidden=\"true\"><circle cx=\"12\" cy=\"12\" r=\"10\"><\/circle><polyline points=\"12 16 16 12 12 8\"><\/polyline><line x1=\"8\" y1=\"12\" x2=\"16\" y2=\"12\"><\/line><\/svg><\/span><\/div><\/div><\/div><\/div><div class=\"kt-infobox-textcontent\"><h2 class=\"kt-blocks-info-box-title\">Submit your text now!<\/h2><p class=\"kt-blocks-info-box-text\">And receive it back proofread per e-mail within the timeframe you opt for!<br\/><em><br\/>(Please noti<\/em>c<em>e: Due to tax regulations, our EasyProofreading service can currently not be offered to companies from other EU countries than Germany. This does not apply to private customers or to customers from outside the EU<\/em>)<\/p><\/div><\/a><\/div>\n<\/div><\/div>\n\n\n\n<div class=\"wp-block-kadence-tab kt-tab-inner-content kt-inner-tab-2 kt-inner-tab_882dac-99\"><div class=\"kt-tab-inner-content-inner\">\n<p>With ProofreadNow! and ProofreadNow!+you can submit your text for proofreading just here and now. With ProofreadNow! you will receive it back proofread either within 24 and with ProofreadNow!+ within 12 hours from payment to the email address that you have indicated. You can either submit plain text in the textbox, paying based on the number of words, or documents based on the number of pages. <\/p>\n\n\n\n<h3 class=\"wp-block-heading\">How does it work?<\/h3>\n\n\n\n<ol>\n<li> Fill-in the form below with your personal data and the text you want us to proofread<\/li>\n\n\n\n<li>Receive your order confirmation and proceed with the payment via PayPal (you don&#8217;t need a PayPal account!)<\/li>\n\n\n\n<li>Receive your proofread text within 12 or 24 hours from the moment you have completed the payment process to the email you have indicated<\/li>\n<\/ol>\n\n\n\n<h3 class=\"wp-block-heading\">Pricing<\/h3>\n\n\n\n<figure class=\"wp-block-table is-style-regular has-small-font-size\"><table class=\"has-fixed-layout\"><thead><tr><th>Submission type<\/th><th>Total input quantity<\/th><th>Price<br>Proofread Now! (24h)<\/th><th>Price<br>Proofread Now!(+) (12h)<\/th><\/tr><\/thead><tbody><tr><td>Plain text <br>(max. 1,000 words)<\/td><td>1-34 words<br>35-1,000 words<\/td><td>1,00 \u20ac Fixed Price<br>0,03 \u20ac per word<\/td><td>2,00 \u20ac Fixed Price<br>0,05 \u20ac per word<\/td><\/tr><tr><td>Documents <br>(max. 30 pages)<\/td><td>1-2 pages<br>3-30 pages<br><\/td><td>15,00 \u20ac per page<br>10,00 \u20ac per page<br><\/td><td>25,00 \u20ac per page<br>15,00 \u20ac per page +<br>10,00 \u20ac fixed fee<\/td><\/tr><\/tbody><\/table><figcaption class=\"wp-element-caption\">All prices before taxes; for longer submissions please explore individual solutions<\/figcaption><\/figure>\n\n\n\n<div style=\"height:50px\" aria-hidden=\"true\" class=\"wp-block-spacer\"><\/div>\n\n\n<style>.wp-block-kadence-column.kb-section-dir-horizontal > .kt-inside-inner-col > #kt-info-box_f00710-0b .kt-blocks-info-box-link-wrap{max-width:unset;}#kt-info-box_f00710-0b .kt-blocks-info-box-link-wrap{padding-top:var(--global-kb-spacing-xs, 1rem);padding-right:var(--global-kb-spacing-xs, 1rem);padding-bottom:var(--global-kb-spacing-xs, 1rem);padding-left:var(--global-kb-spacing-xs, 1rem);}#kt-info-box_f00710-0b .kadence-info-box-icon-container .kt-info-svg-icon, #kt-info-box_f00710-0b .kt-info-svg-icon-flip, #kt-info-box_f00710-0b .kt-blocks-info-box-number{font-size:75px;}#kt-info-box_f00710-0b .kt-blocks-info-box-media{color:#444444;border-top-width:0px;border-right-width:0px;border-bottom-width:0px;border-left-width:0px;padding-top:10px;padding-right:10px;padding-bottom:10px;padding-left:10px;}#kt-info-box_f00710-0b .kt-blocks-info-box-media-container{margin-top:0px;margin-right:15px;margin-bottom:0px;margin-left:15px;}#kt-info-box_f00710-0b .kt-blocks-info-box-link-wrap:hover .kt-blocks-info-box-media{color:#444444;}.wp-block-kadence-infobox#kt-info-box_f00710-0b .kt-blocks-info-box-text{line-height:25px;}#kt-info-box_f00710-0b .kt-blocks-info-box-learnmore{background:transparent;border-width:0px 0px 0px 0px;padding-top:4px;padding-right:8px;padding-bottom:4px;padding-left:8px;margin-top:10px;margin-right:0px;margin-bottom:10px;margin-left:0px;}<\/style>\n<div id=\"kt-info-box_f00710-0b\" class=\"wp-block-kadence-infobox\"><a class=\"kt-blocks-info-box-link-wrap info-box-link kt-blocks-info-box-media-align-top kt-info-halign-center\" href=\"https:\/\/stelladigitalcreations.com\/easyproofreading-proofreadnow\"><div class=\"kt-blocks-info-box-media-container\"><div class=\"kt-blocks-info-box-media kt-info-media-animate-none\"><div class=\"kadence-info-box-icon-container kt-info-icon-animate-none\"><div class=\"kadence-info-box-icon-inner-container\"><span style=\"display:block;justify-content:center;align-items:center\" class=\"kt-info-svg-icon kt-info-svg-icon-fe_arrowRightCircle\"><svg style=\"display:inline-block;vertical-align:middle\" viewBox=\"0 0 24 24\" height=\"75\" width=\"75\" fill=\"none\" stroke=\"currentColor\" xmlns=\"http:\/\/www.w3.org\/2000\/svg\" stroke-width=\"2\" stroke-linecap=\"round\" stroke-linejoin=\"round\" aria-hidden=\"true\"><circle cx=\"12\" cy=\"12\" r=\"10\"><\/circle><polyline points=\"12 16 16 12 12 8\"><\/polyline><line x1=\"8\" y1=\"12\" x2=\"16\" y2=\"12\"><\/line><\/svg><\/span><\/div><\/div><\/div><\/div><div class=\"kt-infobox-textcontent\"><h2 class=\"kt-blocks-info-box-title\">Submit your text now!<\/h2><p class=\"kt-blocks-info-box-text\">And receive it back proofread per e-mail within the timeframe you opt for!<br\/><em><br\/>(Please noti<\/em>c<em>e: Due to tax regulations, our ProofreadNow! and ProofreadNow!+ services can currently not be offered to companies from other EU countries than Germany. This does not apply to private customers or to customers from outside the EU)<\/em><\/p><\/div><\/a><\/div>\n\n\n\n<div class=\"wp-block-buttons is-layout-flex wp-block-buttons-is-layout-flex\"><\/div>\n<\/div><\/div>\n\n\n\n<div class=\"wp-block-kadence-tab kt-tab-inner-content kt-inner-tab-3 kt-inner-tab_9399a4-7b\"><div class=\"kt-tab-inner-content-inner\">\n<p>Your proofreading needs go beyond the limits set by EasyProofreading, ProofreadNow! and ProofreadNow!+?  Or are you looking for a regular proofreading partnership?<\/p>\n\n\n<style>.wp-block-kadence-column.kb-section-dir-horizontal > .kt-inside-inner-col > #kt-info-box_82d859-73 .kt-blocks-info-box-link-wrap{max-width:unset;}#kt-info-box_82d859-73 .kt-blocks-info-box-link-wrap{padding-top:var(--global-kb-spacing-xs, 1rem);padding-right:var(--global-kb-spacing-xs, 1rem);padding-bottom:var(--global-kb-spacing-xs, 1rem);padding-left:var(--global-kb-spacing-xs, 1rem);}#kt-info-box_82d859-73 .kadence-info-box-icon-container .kt-info-svg-icon, #kt-info-box_82d859-73 .kt-info-svg-icon-flip, #kt-info-box_82d859-73 .kt-blocks-info-box-number{font-size:50px;}#kt-info-box_82d859-73 .kt-blocks-info-box-media{color:#444444;border-top-width:0px;border-right-width:0px;border-bottom-width:0px;border-left-width:0px;padding-top:10px;padding-right:10px;padding-bottom:10px;padding-left:10px;}#kt-info-box_82d859-73 .kt-blocks-info-box-media-container{margin-top:0px;margin-right:15px;margin-bottom:0px;margin-left:15px;}#kt-info-box_82d859-73 .kt-blocks-info-box-link-wrap:hover .kt-blocks-info-box-media{color:#444444;}#kt-info-box_82d859-73 .kt-blocks-info-box-learnmore{background:transparent;border-width:0px 0px 0px 0px;padding-top:4px;padding-right:8px;padding-bottom:4px;padding-left:8px;margin-top:10px;margin-right:0px;margin-bottom:10px;margin-left:0px;}<\/style>\n<div id=\"kt-info-box_82d859-73\" class=\"wp-block-kadence-infobox\"><a class=\"kt-blocks-info-box-link-wrap info-box-link kt-blocks-info-box-media-align-top kt-info-halign-center\" href=\"https:\/\/stelladigitalcreations.com\/contact-me\"><div class=\"kt-blocks-info-box-media-container\"><div class=\"kt-blocks-info-box-media kt-info-media-animate-none\"><div class=\"kadence-info-box-icon-container kt-info-icon-animate-none\"><div class=\"kadence-info-box-icon-inner-container\"><span style=\"display:block;justify-content:center;align-items:center\" class=\"kt-info-svg-icon kt-info-svg-icon-fe_messageCircle\"><svg style=\"display:inline-block;vertical-align:middle\" viewBox=\"0 0 24 24\" height=\"50\" width=\"50\" fill=\"none\" stroke=\"currentColor\" xmlns=\"http:\/\/www.w3.org\/2000\/svg\" stroke-width=\"2\" stroke-linecap=\"round\" stroke-linejoin=\"round\" aria-hidden=\"true\"><path d=\"M21 11.5a8.38 8.38 0 0 1-.9 3.8 8.5 8.5 0 0 1-7.6 4.7 8.38 8.38 0 0 1-3.8-.9L3 21l1.9-5.7a8.38 8.38 0 0 1-.9-3.8 8.5 8.5 0 0 1 4.7-7.6 8.38 8.38 0 0 1 3.8-.9h.5a8.48 8.48 0 0 1 8 8v.5z\"><\/path><\/svg><\/span><\/div><\/div><\/div><\/div><div class=\"kt-infobox-textcontent\"><h2 class=\"kt-blocks-info-box-title\">Get in touch!<\/h2><p class=\"kt-blocks-info-box-text\">Write me a message or schedule a first online consultation for free!<\/p><\/div><\/a><\/div>\n<\/div><\/div>\n<\/div><\/div><\/div>\n","protected":false},"excerpt":{"rendered":"<p>\u2018\u2019A man who has committed a mistake and does not correct it, is committing another mistake.\u2019\u2019 &#8211; Confucius Do not let grammatical, spelling, punctuation and similar kind of errors throw a shadow on your written work. The proofreading service offered at Stella Digital Creations aims at detecting and correcting errors in your texts, making sure &hellip; <\/p>\n","protected":false},"author":1,"featured_media":0,"parent":0,"menu_order":0,"comment_status":"closed","ping_status":"closed","template":"","meta":{"footnotes":""},"translation":{"provider":"WPGlobus","version":"3.0.2","language":"sr","enabled_languages":["en","de","it","sh","sr"],"languages":{"en":{"title":true,"content":true,"excerpt":false},"de":{"title":true,"content":true,"excerpt":false},"it":{"title":false,"content":false,"excerpt":false},"sh":{"title":false,"content":false,"excerpt":false},"sr":{"title":false,"content":false,"excerpt":false}}},"yoast_head":"<!-- This site is optimized with the Yoast SEO plugin v24.5 - https:\/\/yoast.com\/wordpress\/plugins\/seo\/ -->\n<title>- Stella Digital Creations - M\u0430\u0440\u0438\u0458\u0430 \u041f\u0435\u043a\u043e\u0432\u0438\u045b \u0425\u0435\u043a\u0435\u0440\u0442<\/title>\n<meta name=\"robots\" content=\"index, follow, max-snippet:-1, max-image-preview:large, max-video-preview:-1\" \/>\n<link rel=\"canonical\" href=\"https:\/\/stelladigitalcreations.com\/proofreading\" \/>\n<meta property=\"og:locale\" content=\"sr_RS\" \/>\n<meta property=\"og:type\" content=\"article\" \/>\n<meta property=\"og:title\" content=\"- Stella Digital Creations - M\u0430\u0440\u0438\u0458\u0430 \u041f\u0435\u043a\u043e\u0432\u0438\u045b \u0425\u0435\u043a\u0435\u0440\u0442\" \/>\n<meta property=\"og:url\" content=\"https:\/\/stelladigitalcreations.com\/proofreading\" \/>\n<meta property=\"og:site_name\" content=\"Stella Digital Creations - M\u0430\u0440\u0438\u0458\u0430 \u041f\u0435\u043a\u043e\u0432\u0438\u045b \u0425\u0435\u043a\u0435\u0440\u0442\" \/>\n<meta property=\"article:modified_time\" content=\"2022-12-28T17:26:39+00:00\" \/>\n<meta name=\"twitter:card\" content=\"summary_large_image\" \/>\n<meta name=\"twitter:label1\" content=\"Est. reading time\" \/>\n\t<meta name=\"twitter:data1\" content=\"3 minutes\" \/>\n<script type=\"application\/ld+json\" class=\"yoast-schema-graph\">{\"@context\":\"https:\/\/schema.org\",\"@graph\":[{\"@type\":\"WebPage\",\"@id\":\"https:\/\/stelladigitalcreations.com\/proofreading\",\"url\":\"https:\/\/stelladigitalcreations.com\/proofreading\",\"name\":\"- Stella Digital Creations - M\u0430\u0440\u0438\u0458\u0430 \u041f\u0435\u043a\u043e\u0432\u0438\u045b \u0425\u0435\u043a\u0435\u0440\u0442\",\"isPartOf\":{\"@id\":\"https:\/\/stelladigitalcreations.com\/#website\"},\"datePublished\":\"2022-08-14T15:21:43+00:00\",\"dateModified\":\"2022-12-28T17:26:39+00:00\",\"description\":\"Unsere Korrekturleseservices f\u00fcr deutsch, englisch, italienisch, bosnisch, kroatisch und serbisch lassen Ihre Texte g\u00fcnstig gl\u00e4nzen!\",\"breadcrumb\":{\"@id\":\"https:\/\/stelladigitalcreations.com\/proofreading#breadcrumb\"},\"inLanguage\":\"sr-RS\",\"potentialAction\":[{\"@type\":\"ReadAction\",\"target\":[\"https:\/\/stelladigitalcreations.com\/proofreading\"]}]},{\"@type\":\"BreadcrumbList\",\"@id\":\"https:\/\/stelladigitalcreations.com\/proofreading#breadcrumb\",\"itemListElement\":[{\"@type\":\"ListItem\",\"position\":1,\"name\":\"Home\",\"item\":\"https:\/\/stelladigitalcreations.com\/\"},{\"@type\":\"ListItem\",\"position\":2,\"name\":\"Proofreading\"}]},{\"@type\":\"WebSite\",\"@id\":\"https:\/\/stelladigitalcreations.com\/#website\",\"url\":\"https:\/\/stelladigitalcreations.com\/\",\"name\":\"Stella Digital Creations - M\u0430\u0440\u0438\u0458\u0430 \u041f\u0435\u043a\u043e\u0432\u0438\u045b \u0425\u0435\u043a\u0435\u0440\u0442\",\"description\":\"\",\"publisher\":{\"@id\":\"https:\/\/stelladigitalcreations.com\/#organization\"},\"potentialAction\":[{\"@type\":\"SearchAction\",\"target\":{\"@type\":\"EntryPoint\",\"urlTemplate\":\"https:\/\/stelladigitalcreations.com\/?s={search_term_string}\"},\"query-input\":{\"@type\":\"PropertyValueSpecification\",\"valueRequired\":true,\"valueName\":\"search_term_string\"}}],\"inLanguage\":\"sr-RS\"},{\"@type\":\"Organization\",\"@id\":\"https:\/\/stelladigitalcreations.com\/#organization\",\"name\":\"Stella Digital Creations - Marija Pekovi\u0107 Heckert\",\"url\":\"https:\/\/stelladigitalcreations.com\/\",\"logo\":{\"@type\":\"ImageObject\",\"inLanguage\":\"sr-RS\",\"@id\":\"https:\/\/stelladigitalcreations.com\/#\/schema\/logo\/image\/\",\"url\":\"https:\/\/stelladigitalcreations.com\/wp-content\/uploads\/2022\/11\/cropped-SDCwhite_cut-1.png\",\"contentUrl\":\"https:\/\/stelladigitalcreations.com\/wp-content\/uploads\/2022\/11\/cropped-SDCwhite_cut-1.png\",\"width\":760,\"height\":400,\"caption\":\"Stella Digital Creations - Marija Pekovi\u0107 Heckert\"},\"image\":{\"@id\":\"https:\/\/stelladigitalcreations.com\/#\/schema\/logo\/image\/\"}}]}<\/script>\n<!-- \/ Yoast SEO plugin. -->","yoast_head_json":{"title":"- Stella Digital Creations - M\u0430\u0440\u0438\u0458\u0430 \u041f\u0435\u043a\u043e\u0432\u0438\u045b \u0425\u0435\u043a\u0435\u0440\u0442","robots":{"index":"index","follow":"follow","max-snippet":"max-snippet:-1","max-image-preview":"max-image-preview:large","max-video-preview":"max-video-preview:-1"},"canonical":"https:\/\/stelladigitalcreations.com\/proofreading","og_locale":"sr_RS","og_type":"article","og_title":"- Stella Digital Creations - M\u0430\u0440\u0438\u0458\u0430 \u041f\u0435\u043a\u043e\u0432\u0438\u045b \u0425\u0435\u043a\u0435\u0440\u0442","og_url":"https:\/\/stelladigitalcreations.com\/proofreading","og_site_name":"Stella Digital Creations - M\u0430\u0440\u0438\u0458\u0430 \u041f\u0435\u043a\u043e\u0432\u0438\u045b \u0425\u0435\u043a\u0435\u0440\u0442","article_modified_time":"2022-12-28T17:26:39+00:00","twitter_card":"summary_large_image","twitter_misc":{"Est. reading time":"3 minutes"},"schema":{"@context":"https:\/\/schema.org","@graph":[{"@type":"WebPage","@id":"https:\/\/stelladigitalcreations.com\/proofreading","url":"https:\/\/stelladigitalcreations.com\/proofreading","name":"- Stella Digital Creations - M\u0430\u0440\u0438\u0458\u0430 \u041f\u0435\u043a\u043e\u0432\u0438\u045b \u0425\u0435\u043a\u0435\u0440\u0442","isPartOf":{"@id":"https:\/\/stelladigitalcreations.com\/#website"},"datePublished":"2022-08-14T15:21:43+00:00","dateModified":"2022-12-28T17:26:39+00:00","description":"Unsere Korrekturleseservices f\u00fcr deutsch, englisch, italienisch, bosnisch, kroatisch und serbisch lassen Ihre Texte g\u00fcnstig gl\u00e4nzen!","breadcrumb":{"@id":"https:\/\/stelladigitalcreations.com\/proofreading#breadcrumb"},"inLanguage":"sr-RS","potentialAction":[{"@type":"ReadAction","target":["https:\/\/stelladigitalcreations.com\/proofreading"]}]},{"@type":"BreadcrumbList","@id":"https:\/\/stelladigitalcreations.com\/proofreading#breadcrumb","itemListElement":[{"@type":"ListItem","position":1,"name":"Home","item":"https:\/\/stelladigitalcreations.com\/"},{"@type":"ListItem","position":2,"name":"Proofreading"}]},{"@type":"WebSite","@id":"https:\/\/stelladigitalcreations.com\/#website","url":"https:\/\/stelladigitalcreations.com\/","name":"Stella Digital Creations - M\u0430\u0440\u0438\u0458\u0430 \u041f\u0435\u043a\u043e\u0432\u0438\u045b \u0425\u0435\u043a\u0435\u0440\u0442","description":"","publisher":{"@id":"https:\/\/stelladigitalcreations.com\/#organization"},"potentialAction":[{"@type":"SearchAction","target":{"@type":"EntryPoint","urlTemplate":"https:\/\/stelladigitalcreations.com\/?s={search_term_string}"},"query-input":{"@type":"PropertyValueSpecification","valueRequired":true,"valueName":"search_term_string"}}],"inLanguage":"sr-RS"},{"@type":"Organization","@id":"https:\/\/stelladigitalcreations.com\/#organization","name":"Stella Digital Creations - Marija Pekovi\u0107 Heckert","url":"https:\/\/stelladigitalcreations.com\/","logo":{"@type":"ImageObject","inLanguage":"sr-RS","@id":"https:\/\/stelladigitalcreations.com\/#\/schema\/logo\/image\/","url":"https:\/\/stelladigitalcreations.com\/wp-content\/uploads\/2022\/11\/cropped-SDCwhite_cut-1.png","contentUrl":"https:\/\/stelladigitalcreations.com\/wp-content\/uploads\/2022\/11\/cropped-SDCwhite_cut-1.png","width":760,"height":400,"caption":"Stella Digital Creations - Marija Pekovi\u0107 Heckert"},"image":{"@id":"https:\/\/stelladigitalcreations.com\/#\/schema\/logo\/image\/"}}]}},"jetpack_sharing_enabled":true,"_links":{"self":[{"href":"https:\/\/stelladigitalcreations.com\/sr\/wp-json\/wp\/v2\/pages\/104"}],"collection":[{"href":"https:\/\/stelladigitalcreations.com\/sr\/wp-json\/wp\/v2\/pages"}],"about":[{"href":"https:\/\/stelladigitalcreations.com\/sr\/wp-json\/wp\/v2\/types\/page"}],"author":[{"embeddable":true,"href":"https:\/\/stelladigitalcreations.com\/sr\/wp-json\/wp\/v2\/users\/1"}],"replies":[{"embeddable":true,"href":"https:\/\/stelladigitalcreations.com\/sr\/wp-json\/wp\/v2\/comments?post=104"}],"version-history":[{"count":52,"href":"https:\/\/stelladigitalcreations.com\/sr\/wp-json\/wp\/v2\/pages\/104\/revisions"}],"predecessor-version":[{"id":616,"href":"https:\/\/stelladigitalcreations.com\/sr\/wp-json\/wp\/v2\/pages\/104\/revisions\/616"}],"wp:attachment":[{"href":"https:\/\/stelladigitalcreations.com\/sr\/wp-json\/wp\/v2\/media?parent=104"}],"curies":[{"name":"wp","href":"https:\/\/api.w.org\/{rel}","templated":true}]}}