{"id":375,"date":"2022-11-19T20:38:39","date_gmt":"2022-11-19T19:38:39","guid":{"rendered":"http:\/\/stelladigitalcreations.com\/?page_id=375"},"modified":"2022-12-04T21:13:56","modified_gmt":"2022-12-04T20:13:56","slug":"terms-and-conditions","status":"publish","type":"page","link":"https:\/\/stelladigitalcreations.com\/de\/terms-and-conditions","title":{"rendered":"Allgemeine Gesch\u00e4ftsbedingungen &#8211; AGB"},"content":{"rendered":"\n<h2 class=\"wp-block-heading\">A. F\u00fcr EasyProofread, ProofreadNow! und ProofreadNow!+<\/h2>\n\n\n\n<h3 class=\"wp-block-heading\">1. Beschreibung der Dienstleistungen:<\/h3>\n\n\n\n<p>EasyProofread, ProofreadNow! und ProofreadNow!+ sind Dienstleistungen von Stella Digital Creations, die das Korrekturlesen von Texten mit maximal 1.000 W\u00f6rtern als reiner Text oder mit maximal 30 Seiten als Dokument anbieten. Die Dienste werden f\u00fcr Texte in Englisch, Deutsch, Italienisch und Bosnisch\/Kroatisch\/Montenegrinisch\/Serbisch (sowohl in lateinischer als auch in kyrillischer Schrift) angeboten. Entdeckte Fehler werden in einem Word-Dokument mit \u00c4nderungsverfolgung korrigiert, so dass der Kunde die von Stella Digital Creations vorgeschlagenen \u00c4nderungen leicht \u00fcberpr\u00fcfen kann.<\/p>\n\n\n\n<p>F\u00fcr EasyProofreading: Der Kunde erh\u00e4lt den korrekturgelesenen Text innerhalb von 72 Stunden nach Abschluss des Zahlungsvorgangs per E-Mail.<\/p>\n\n\n\n<p>F\u00fcr ProofreadNow! Der Kunde erh\u00e4lt den korrekturgelesenen Text innerhalb von 24 Stunden nach Abschluss des Zahlungsvorgangs per E-Mail.<\/p>\n\n\n\n<p>F\u00fcr ProofreadNow!+: Der Kunde erh\u00e4lt den Korrektur gelesenen Text innerhalb von 12 Stunden nach Abschluss des Zahlungsvorgangs per E-Mail.<\/p>\n\n\n\n<h3 class=\"wp-block-heading\">2. Auftragserteilung und Zahlungsvorgang<\/h3>\n\n\n\n<p>Bestellungen k\u00f6nnen nur \u00fcber das daf\u00fcr vorgesehene Formular aufgegeben werden, wenn der Kunde mit den Allgemeinen Gesch\u00e4ftsbedingungen und den Datenschutzbestimmungen einverstanden ist. Das Absenden des entsprechenden Bestellformulars gilt als zahlungspflichtige Abgabe einer Bestellung. Mit dem Absenden der Bestellung erkl\u00e4rt sich der Kunde damit einverstanden, dass Stella Digital Creations PayPal mit der Durchf\u00fchrung aller Aktivit\u00e4ten im Zusammenhang mit dem Zahlungsprozess beauftragt, einschlie\u00dflich der Rechnungsstellung, der finanziellen Transaktionen und der \u00dcberwachung der Zahlungen. Dies impliziert das Einverst\u00e4ndnis des Kunden mit den Datenschutzbestimmungen in Bezug auf die \u00dcbermittlung von Daten \u00fcber das von JotForm erstellte und gehostete Formular sowie mit den erforderlichen Daten\u00fcbertragungen von Stella Digital Creations an PayPal in \u00dcbereinstimmung mit den in der Datenschutzrichtlinie von Stella Digital Creations festgelegten Bestimmungen. Nach Abgabe der Bestellung \u00fcbermittelt Stella Digital Creations die f\u00fcr die Rechnungsstellung erforderlichen Daten an PayPal. Sobald der Kunde die Rechnung \u00fcber PayPal erhalten hat, wird die Bestellung best\u00e4tigt und die Zahlung ist sofort f\u00e4llig. Der Kunde ben\u00f6tigt kein PayPal-Konto, um die Zahlung durchzuf\u00fchren. Die Frist, innerhalb derer Stella Digital Creations vertraglich verpflichtet ist, dem Kunden den Korrekturlesedienst zur Verf\u00fcgung zu stellen, gilt ab dem Zeitpunkt, an dem der Kunde den Zahlungsvorgang via PayPal abgeschlossen hat. Erbringt Stella Digital Creations die Dienstleistung nicht innerhalb des festgelegten Zeitraums, wird der gezahlte Betrag zur\u00fcckerstattet.<\/p>\n\n\n\n<h3 class=\"wp-block-heading\">3. Preise<\/h3>\n\n\n\n<p>Die Preise setzen sich wie folgt zusammen:<\/p>\n\n\n\n<figure class=\"wp-block-table has-small-font-size\"><table><thead><tr><th>Eingabeform<\/th><th>Eingabeumfang<\/th><th>Preise<br>EasyProofreading <\/th><th>Preise<br>ProofreadNow!<\/th><th>Preise<br>ProofreadNow!+<\/th><\/tr><\/thead><tbody><tr><td>Reiner Text (max. 1.000 W\u00f6rter)<\/td><td>1-34 W\u00f6rter<br>35-1.000 W\u00f6rter<\/td><td>0,70 \u20ac Festpreis<br>0,02 \u20ac pro Wort<\/td><td>1,00 \u20ac Festpreis<br>0,03 \u20ac pro Wort<\/td><td>2,00 \u20ac Festpreis<br>0,05 \u20ac pro Wort<\/td><\/tr><tr><td>Dokumente (max. 30 Seiten)<\/td><td>1-2 Seiten<br>3-30 Seiten<\/td><td>10,00 \u20ac pro Seite<br>7,50 \u20ac pro Seite<\/td><td>15,00 \u20ac pro Seite<br>10,00 \u20ac pro Seite<\/td><td><br>25,00 \u20ac pro Seite<br>15,00 \u20ac pro Seite<br>+ 10,00 \u20ac Grundfestpreis<\/td><\/tr><\/tbody><\/table><figcaption class=\"wp-element-caption\">Alle Preise zzgl. Steuern. F\u00fcr l\u00e4ngere Texte k\u00f6nnen EasyProofreading, ProofreadNow! und ProofreadNow!+ nicht angeboten werden.<\/figcaption><\/figure>\n\n\n\n<h3 class=\"wp-block-heading\">4. Stornierung<\/h3>\n\n\n\n<p>Der Kunde kann seine Bestellung ohne Angabe von Gr\u00fcnden innerhalb einer Stunde nach Absenden des Bestellformulars kostenlos stornieren, indem er den Anbieter per E-Mail oder Kontaktformular kontaktiert. Sollte Stella Digital Creations w\u00e4hrend der Gesch\u00e4ftszeiten (Montag-Sonntag, 9:00 &#8211; 22:00 h CET- Deutschland) nicht innerhalb von 120 Minuten eine Rechnung versenden, hat der Kunde ebenfalls das Recht, die Bestellung per E-Mail oder Kontaktformular zu stornieren. Werden Bestellungen au\u00dferhalb dieser Gesch\u00e4ftszeiten aufgegeben, werden die 120 Minuten ab Beginn der n\u00e4chsten Gesch\u00e4ftszeit gerechnet.<\/p>\n\n\n\n<h3 class=\"wp-block-heading\">5. M\u00e4ngel und Reklamation<\/h3>\n\n\n\n<p>Falls der Kunde M\u00e4ngel an der erbrachten Dienstleistung feststellt, stellt Stella Digital Creations innerhalb von 12 Stunden nach Eingang der Reklamation w\u00e4hrend der Gesch\u00e4ftszeiten (Montag-Sonntag, 9:00-22:00 Uhr MEZ &#8211; Deutschland) eine korrigierte Version zur Verf\u00fcgung. Die Reklamation sollte per E-Mail oder \u00fcber das Kontaktformular eingereicht werden.<\/p>\n\n\n\n<h2 class=\"wp-block-heading\">B. F\u00fcr EasyTranslation, TranslateNow! und TranslateNow!+<\/h2>\n\n\n\n<h3 class=\"wp-block-heading\">1. Beschreibung der Dienstleistungen<\/h3>\n\n\n\n<p>EasyTranslation, TranslateNow! und TranslateNow!+ sind Dienstleistungen von Stella Digital Creations, die die \u00dcbersetzung von Texten mit maximal 1.000 W\u00f6rtern als reinen Text oder mit maximal 10 Seiten als Dokument anbieten. Die Dienste werden f\u00fcr Texte in Englisch, Deutsch, Italienisch und Bosnisch\/Kroatisch\/Montenegrinisch\/Serbisch (sowohl in lateinischer als auch in kyrillischer Schrift) angeboten. Die \u00dcbersetzung kann als Word-Datei, pdf-Datei oder als reiner Text in einer E-Mail geliefert werden.<\/p>\n\n\n\n<p>F\u00fcr EasyTranslation: Der Kunde erh\u00e4lt die angeforderte \u00dcbersetzung innerhalb von 72 Stunden nach Abschluss des Zahlungsvorgangs per E-Mail.<\/p>\n\n\n\n<p>F\u00fcr TranslateNow! Der Kunde erh\u00e4lt die angeforderte \u00dcbersetzung innerhalb von 24 Stunden nach Abschluss des Zahlungsvorgangs per E-Mail.<\/p>\n\n\n\n<p>F\u00fcr TranslateNow!+: Der Kunde erh\u00e4lt die angeforderte \u00dcbersetzung innerhalb von 12 Stunden nach Abschluss des Zahlungsvorgangs per E-Mail.<\/p>\n\n\n\n<h3 class=\"wp-block-heading\">2. Auftragserteilung und Zahlungsvorgang<\/h3>\n\n\n\n<p>Bestellungen k\u00f6nnen nur \u00fcber das daf\u00fcr vorgesehene Formular aufgegeben werden, wenn Sie mit den Allgemeinen Gesch\u00e4ftsbedingungen und den Datenschutzbestimmungen einverstanden sind. Das Absenden des entsprechenden Bestellformulars gilt als Abgabe einer Bestellung, f\u00fcr die eine Zahlung f\u00e4llig ist. Mit dem Absenden der Bestellung erkl\u00e4rt sich der Kunde damit einverstanden, dass Stella Digital Creations PayPal mit der Durchf\u00fchrung aller Aktivit\u00e4ten im Zusammenhang mit dem Zahlungsprozess beauftragt, einschlie\u00dflich der Rechnungsstellung, der finanziellen Transaktionen und der \u00dcberwachung der Zahlungen. Dies impliziert das Einverst\u00e4ndnis des Kunden mit den Datenschutzbestimmungen in Bezug auf die \u00dcbermittlung von Daten \u00fcber das von JotForm erstellte und gehostete Formular sowie mit den erforderlichen Daten\u00fcbertragungen von Stella Digital Creations an PayPal in \u00dcbereinstimmung mit den in der Datenschutzrichtlinie von Stella Digital Creations festgelegten Bestimmungen. Nach Abgabe der Bestellung \u00fcbermittelt Stella Digital Creations die f\u00fcr die Rechnungsstellung erforderlichen Daten an PayPal. Sobald der Kunde die Bestellung \u00fcber PayPal erhalten hat, wird die Bestellung best\u00e4tigt und die Zahlung ist sofort f\u00e4llig. Der Kunde ben\u00f6tigt kein PayPal-Konto, um die Zahlung durchzuf\u00fchren. Die Frist, innerhalb derer Stella Digital Creations vertraglich verpflichtet ist, dem Kunden die \u00dcbersetzung zu liefern, gilt ab dem Zeitpunkt, an dem der Kunde den Zahlungsvorgang abgeschlossen hat. Erbringt Stella Digital Creations die Leistung nicht innerhalb des festgelegten Zeitraums, wird der gezahlte Betrag zur\u00fcckerstattet.<\/p>\n\n\n\n<h3 class=\"wp-block-heading\">3. Preise<\/h3>\n\n\n\n<p>Die Preise setzen sich wie folgt zusammen (zzgl. Steuern):<\/p>\n\n\n\n<figure class=\"wp-block-table has-small-font-size\"><table><thead><tr><th><br>Einreichungsform<\/th><th>Einreichungsumfang<\/th><th>Preise<br>EasyTranslation <\/th><th>Preise<br>TranslateNow!<\/th><th>Preise<br>TranslateNow!+<\/th><\/tr><\/thead><tbody><tr><td>Einfacher Text (max. 1.000 W\u00f6rter)<\/td><td>1-34 W\u00f6rter<br>35-1.000 W\u00f6rter<\/td><td>1,00 \u20ac Festpreis<br>0,03 \u20ac pro Wort<\/td><td>2,00 \u20ac Festpreis<br>0,05 \u20ac pro Wort<\/td><td>3,00 \u20ac Festpreis<br>0,08 \u20ac pro Wort<\/td><\/tr><tr><td>Dokumente (max. 10 Seiten)<\/td><td>1-2 Seiten<br>3-10 Seiten<\/td><td>15,00 \u20ac pro Seite<br>10,00 \u20ac pro Seite<\/td><td>25,00 \u20ac pro  Seite<br>20,00 \u20ac pro Seite<\/td><td><br>40,00 \u20ac pro Seite<br>20,00 \u20ac pro Seite<br>+ 30,00 \u20ac Grundfestpreis<\/td><\/tr><\/tbody><\/table><figcaption class=\"wp-element-caption\">Alle Preise zzgl. Steuern, f\u00fcr l\u00e4ngere Texte k\u00f6nnen EasyTranslation, TranslateNow! and TranslateNow!+ nicht angeboten werden.<\/figcaption><\/figure>\n\n\n\n<h3 class=\"wp-block-heading\">4. Stornierung<\/h3>\n\n\n\n<p>Der Kunde kann seine Bestellung ohne Angabe von Gr\u00fcnden innerhalb von 1 Stunde nach Absenden des Bestellformulars kostenlos stornieren, indem er den Anbieter per E-Mail oder Kontaktformular kontaktiert. Sollte Stella Digital Creations w\u00e4hrend der Gesch\u00e4ftszeiten (Montag-Sonntag, 9:00 &#8211; 22:00 Uhr MEZ- Deutschland) nicht innerhalb von 120 Minuten eine Rechnung versenden, hat der Kunde ebenfalls das Recht, die Bestellung per E-Mail oder Kontaktformular zu stornieren. Werden Bestellungen au\u00dferhalb dieser Gesch\u00e4ftszeiten aufgegeben, werden die 120 Minuten ab Beginn der n\u00e4chsten Gesch\u00e4ftszeit gerechnet.<\/p>\n\n\n\n<h3 class=\"wp-block-heading\">5. Reklamationen und Beschwerden<\/h3>\n\n\n\n<p>Falls der Kunde M\u00e4ngel an der erbrachten Dienstleistung feststellt, stellt Stella Digital Creations innerhalb von 12 Stunden nach Eingang der Reklamation w\u00e4hrend der Gesch\u00e4ftszeiten (Montag-Sonntag, 9:00-22:00 Uhr MEZ &#8211; Deutschland) eine korrigierte Version zur Verf\u00fcgung. Die Reklamation sollte per E-Mail oder \u00fcber das Kontaktformular eingereicht werden.<\/p>\n\n\n\n<h2 class=\"wp-block-heading\">C. Alle anderen Dienstleistungen<\/h2>\n\n\n\n<p>Die Bedingungen f\u00fcr alle anderen Dienstleistungen sind Gegenstand individueller Verhandlungen.<\/p>\n","protected":false},"excerpt":{"rendered":"<p>A. F\u00fcr EasyProofread, ProofreadNow! und ProofreadNow!+ 1. Beschreibung der Dienstleistungen: EasyProofread, ProofreadNow! und ProofreadNow!+ sind Dienstleistungen von Stella Digital Creations, die das Korrekturlesen von Texten mit maximal 1.000 W\u00f6rtern als reiner Text oder mit maximal 30 Seiten als Dokument anbieten. Die Dienste werden f\u00fcr Texte in Englisch, Deutsch, Italienisch und Bosnisch\/Kroatisch\/Montenegrinisch\/Serbisch (sowohl in lateinischer als &hellip; <\/p>\n","protected":false},"author":1,"featured_media":0,"parent":0,"menu_order":0,"comment_status":"closed","ping_status":"closed","template":"","meta":{"footnotes":""},"translation":{"provider":"WPGlobus","version":"3.0.2","language":"de","enabled_languages":["en","de","it","sh","sr"],"languages":{"en":{"title":true,"content":true,"excerpt":false},"de":{"title":true,"content":true,"excerpt":false},"it":{"title":false,"content":false,"excerpt":false},"sh":{"title":false,"content":false,"excerpt":false},"sr":{"title":false,"content":false,"excerpt":false}}},"yoast_head":"<!-- This site is optimized with the Yoast SEO plugin v24.5 - https:\/\/yoast.com\/wordpress\/plugins\/seo\/ -->\n<title>Allgemeine Gesch\u00e4ftsbedingungen - AGB - Stella Digital Creations - Marija Pekovi\u0107 Heckert<\/title>\n<meta name=\"robots\" content=\"noindex, follow\" \/>\n<meta property=\"og:locale\" content=\"de_DE\" \/>\n<meta property=\"og:type\" content=\"article\" \/>\n<meta property=\"og:title\" content=\"Allgemeine Gesch\u00e4ftsbedingungen - AGB - Stella Digital Creations - Marija Pekovi\u0107 Heckert\" \/>\n<meta property=\"og:url\" content=\"https:\/\/stelladigitalcreations.com\/terms-and-conditions\" \/>\n<meta property=\"og:site_name\" content=\"Stella Digital Creations - Marija Pekovi\u0107 Heckert\" \/>\n<meta property=\"article:modified_time\" content=\"2022-12-04T20:13:56+00:00\" \/>\n<meta name=\"twitter:card\" content=\"summary_large_image\" \/>\n<meta name=\"twitter:label1\" content=\"Est. reading time\" \/>\n\t<meta name=\"twitter:data1\" content=\"6 minutes\" \/>\n<script type=\"application\/ld+json\" class=\"yoast-schema-graph\">{\"@context\":\"https:\/\/schema.org\",\"@graph\":[{\"@type\":\"WebPage\",\"@id\":\"https:\/\/stelladigitalcreations.com\/terms-and-conditions\",\"url\":\"https:\/\/stelladigitalcreations.com\/terms-and-conditions\",\"name\":\"Allgemeine Gesch\u00e4ftsbedingungen - AGB - Stella Digital Creations - Marija Pekovi\u0107 Heckert\",\"isPartOf\":{\"@id\":\"https:\/\/stelladigitalcreations.com\/#website\"},\"datePublished\":\"2022-11-19T19:38:39+00:00\",\"dateModified\":\"2022-12-04T20:13:56+00:00\",\"breadcrumb\":{\"@id\":\"https:\/\/stelladigitalcreations.com\/terms-and-conditions#breadcrumb\"},\"inLanguage\":\"de-DE\",\"potentialAction\":[{\"@type\":\"ReadAction\",\"target\":[\"https:\/\/stelladigitalcreations.com\/terms-and-conditions\"]}]},{\"@type\":\"BreadcrumbList\",\"@id\":\"https:\/\/stelladigitalcreations.com\/terms-and-conditions#breadcrumb\",\"itemListElement\":[{\"@type\":\"ListItem\",\"position\":1,\"name\":\"Home\",\"item\":\"https:\/\/stelladigitalcreations.com\/\"},{\"@type\":\"ListItem\",\"position\":2,\"name\":\"Terms of Service\"}]},{\"@type\":\"WebSite\",\"@id\":\"https:\/\/stelladigitalcreations.com\/#website\",\"url\":\"https:\/\/stelladigitalcreations.com\/\",\"name\":\"Stella Digital Creations - Marija Pekovi\u0107 Heckert\",\"description\":\"\",\"publisher\":{\"@id\":\"https:\/\/stelladigitalcreations.com\/#organization\"},\"potentialAction\":[{\"@type\":\"SearchAction\",\"target\":{\"@type\":\"EntryPoint\",\"urlTemplate\":\"https:\/\/stelladigitalcreations.com\/?s={search_term_string}\"},\"query-input\":{\"@type\":\"PropertyValueSpecification\",\"valueRequired\":true,\"valueName\":\"search_term_string\"}}],\"inLanguage\":\"de-DE\"},{\"@type\":\"Organization\",\"@id\":\"https:\/\/stelladigitalcreations.com\/#organization\",\"name\":\"Stella Digital Creations - Marija Pekovi\u0107 Heckert\",\"url\":\"https:\/\/stelladigitalcreations.com\/\",\"logo\":{\"@type\":\"ImageObject\",\"inLanguage\":\"de-DE\",\"@id\":\"https:\/\/stelladigitalcreations.com\/#\/schema\/logo\/image\/\",\"url\":\"https:\/\/stelladigitalcreations.com\/wp-content\/uploads\/2022\/11\/cropped-SDCwhite_cut-1.png\",\"contentUrl\":\"https:\/\/stelladigitalcreations.com\/wp-content\/uploads\/2022\/11\/cropped-SDCwhite_cut-1.png\",\"width\":760,\"height\":400,\"caption\":\"Stella Digital Creations - Marija Pekovi\u0107 Heckert\"},\"image\":{\"@id\":\"https:\/\/stelladigitalcreations.com\/#\/schema\/logo\/image\/\"}}]}<\/script>\n<!-- \/ Yoast SEO plugin. -->","yoast_head_json":{"title":"Allgemeine Gesch\u00e4ftsbedingungen - AGB - Stella Digital Creations - Marija Pekovi\u0107 Heckert","robots":{"index":"noindex","follow":"follow"},"og_locale":"de_DE","og_type":"article","og_title":"Allgemeine Gesch\u00e4ftsbedingungen - AGB - Stella Digital Creations - Marija Pekovi\u0107 Heckert","og_url":"https:\/\/stelladigitalcreations.com\/terms-and-conditions","og_site_name":"Stella Digital Creations - Marija Pekovi\u0107 Heckert","article_modified_time":"2022-12-04T20:13:56+00:00","twitter_card":"summary_large_image","twitter_misc":{"Est. reading time":"6 minutes"},"schema":{"@context":"https:\/\/schema.org","@graph":[{"@type":"WebPage","@id":"https:\/\/stelladigitalcreations.com\/terms-and-conditions","url":"https:\/\/stelladigitalcreations.com\/terms-and-conditions","name":"Allgemeine Gesch\u00e4ftsbedingungen - AGB - Stella Digital Creations - Marija Pekovi\u0107 Heckert","isPartOf":{"@id":"https:\/\/stelladigitalcreations.com\/#website"},"datePublished":"2022-11-19T19:38:39+00:00","dateModified":"2022-12-04T20:13:56+00:00","breadcrumb":{"@id":"https:\/\/stelladigitalcreations.com\/terms-and-conditions#breadcrumb"},"inLanguage":"de-DE","potentialAction":[{"@type":"ReadAction","target":["https:\/\/stelladigitalcreations.com\/terms-and-conditions"]}]},{"@type":"BreadcrumbList","@id":"https:\/\/stelladigitalcreations.com\/terms-and-conditions#breadcrumb","itemListElement":[{"@type":"ListItem","position":1,"name":"Home","item":"https:\/\/stelladigitalcreations.com\/"},{"@type":"ListItem","position":2,"name":"Terms of Service"}]},{"@type":"WebSite","@id":"https:\/\/stelladigitalcreations.com\/#website","url":"https:\/\/stelladigitalcreations.com\/","name":"Stella Digital Creations - Marija Pekovi\u0107 Heckert","description":"","publisher":{"@id":"https:\/\/stelladigitalcreations.com\/#organization"},"potentialAction":[{"@type":"SearchAction","target":{"@type":"EntryPoint","urlTemplate":"https:\/\/stelladigitalcreations.com\/?s={search_term_string}"},"query-input":{"@type":"PropertyValueSpecification","valueRequired":true,"valueName":"search_term_string"}}],"inLanguage":"de-DE"},{"@type":"Organization","@id":"https:\/\/stelladigitalcreations.com\/#organization","name":"Stella Digital Creations - Marija Pekovi\u0107 Heckert","url":"https:\/\/stelladigitalcreations.com\/","logo":{"@type":"ImageObject","inLanguage":"de-DE","@id":"https:\/\/stelladigitalcreations.com\/#\/schema\/logo\/image\/","url":"https:\/\/stelladigitalcreations.com\/wp-content\/uploads\/2022\/11\/cropped-SDCwhite_cut-1.png","contentUrl":"https:\/\/stelladigitalcreations.com\/wp-content\/uploads\/2022\/11\/cropped-SDCwhite_cut-1.png","width":760,"height":400,"caption":"Stella Digital Creations - Marija Pekovi\u0107 Heckert"},"image":{"@id":"https:\/\/stelladigitalcreations.com\/#\/schema\/logo\/image\/"}}]}},"jetpack_sharing_enabled":true,"_links":{"self":[{"href":"https:\/\/stelladigitalcreations.com\/de\/wp-json\/wp\/v2\/pages\/375"}],"collection":[{"href":"https:\/\/stelladigitalcreations.com\/de\/wp-json\/wp\/v2\/pages"}],"about":[{"href":"https:\/\/stelladigitalcreations.com\/de\/wp-json\/wp\/v2\/types\/page"}],"author":[{"embeddable":true,"href":"https:\/\/stelladigitalcreations.com\/de\/wp-json\/wp\/v2\/users\/1"}],"replies":[{"embeddable":true,"href":"https:\/\/stelladigitalcreations.com\/de\/wp-json\/wp\/v2\/comments?post=375"}],"version-history":[{"count":10,"href":"https:\/\/stelladigitalcreations.com\/de\/wp-json\/wp\/v2\/pages\/375\/revisions"}],"predecessor-version":[{"id":548,"href":"https:\/\/stelladigitalcreations.com\/de\/wp-json\/wp\/v2\/pages\/375\/revisions\/548"}],"wp:attachment":[{"href":"https:\/\/stelladigitalcreations.com\/de\/wp-json\/wp\/v2\/media?parent=375"}],"curies":[{"name":"wp","href":"https:\/\/api.w.org\/{rel}","templated":true}]}}