{"id":3,"date":"2022-08-07T15:17:44","date_gmt":"2022-08-07T15:17:44","guid":{"rendered":"https:\/\/stelladigitalcreations.live-website.com\/?page_id=3"},"modified":"2022-12-04T00:51:25","modified_gmt":"2022-12-03T23:51:25","slug":"privacy-policy","status":"publish","type":"page","link":"https:\/\/stelladigitalcreations.com\/de\/privacy-policy","title":{"rendered":"Datenschutzerkl\u00e4rung"},"content":{"rendered":"\n<h5 class=\"wp-block-heading\">1. Einleitung<\/h5>\n\n\n\n<p>Die Nutzung dieser Website kann mit der Verarbeitung von personenbezogenen Daten verbunden sein. Damit diese Verarbeitungen f\u00fcr Sie nachvollziehbar sind, m\u00f6chten wir Ihnen mit den folgenden Informationen einen \u00dcberblick zu diesen Verarbeitungen verschaffen. Um eine faire Verarbeitung zu gew\u00e4hrleisten, m\u00f6chten wir Sie au\u00dferdem \u00fcber Ihre Rechte nach der Europ\u00e4ischen Datenschutz-Grundverordnung (DSGVO) und dem Bundesdatenschutzgesetz (BDSG) informieren.<\/p>\n\n\n\n<h5 class=\"wp-block-heading\">2. Namen und Kontaktdaten des Verantwortlichen und Datenschutzbeaufgtragten<\/h5>\n\n\n\n<p>Wenn Sie Fragen oder Anregungen zu diesen Informationen haben oder sich wegen der Geltendmachung Ihrer Rechte an uns wenden m\u00f6chten, richten Sie Ihre Anfrage bitte an<\/p>\n\n\n\n<p>Marija Pekovi\u0107 Heckert<br>Marta-Schanzenbach-Weg 3<br>77694 Kehl <\/p>\n\n\n\n<p>E-Mail: office@stelladigitalcreations.com<\/p>\n\n\n\n<p>Telefonnummer: +49 151 423 905 74<\/p>\n\n\n\n<p><\/p>\n\n\n\n<h5 class=\"wp-block-heading\">3. Allgemeine Angaben zur Datenverarbeitung, Rechtsgrundlagen und Speicherdauer<\/h5>\n\n\n\n<p>3.1 <strong>Allgemeine Angaben zur Datenverarbeitung<\/strong><\/p>\n\n\n\n<p>Wir verarbeiten personenbezogene Daten unter Beachtung der einschl\u00e4gigen Datenschutzvorschriften, insbesondere der DSGVO und des BDSG. Eine Datenverarbeitung durch uns findet nur auf der Grundlage einer gesetzlichen Erlaubnis statt. Bei der Nutzung dieser Website verarbeiten wir personenbezogene Daten nur mit Ihrer Einwilligung (Art. 6 Abs. 1 Buchst. a) DSGVO), zur Erf\u00fcllung eines Vertrags, dessen Vertragspartei Sie sind, oder auf Ihre Anfrage zur Durchf\u00fchrung vorvertraglicher Ma\u00dfnahmen (Art. 6 Abs. 1 Buchst. b) DSGVO), zur Erf\u00fcllung einer rechtlichen Verpflichtung (Art. 6 Abs. 1 Buchst. c) DSGVO) oder wenn die Verarbeitung zu Wahrung unser berechtigten Interessen oder den berechtigten Interessen eines Dritten erforderlich ist, sofern nicht Ihre Interessen oder Grundrechte und Grundfreiheiten, die den Schutz personenbezogener Daten erfordern, \u00fcberwiegen (Art. 6 Abs. 1 Buchst. f) DSGVO).<\/p>\n\n\n\n<p>3.2 <strong>Dauer der Speicherung<\/strong><\/p>\n\n\n\n<p>Sofern sich aus den folgenden Hinweisen nichts anderes ergibt, speichern wir die Daten nur solange, wie es zur Erreichung des Verarbeitungszwecks oder f\u00fcr die Erf\u00fcllung unserer vertraglichen oder gesetzlichen Pflichten erforderlich ist. Solche gesetzlichen Aufbewahrungspflichten k\u00f6nnen sich insbesondere aus handels- oder steuerrechtlichen Vorschriften ergeben.<\/p>\n\n\n\n<h5 class=\"wp-block-heading\">3.3 Automatisierte Datenverarbeitung des Servers<\/h5>\n\n\n\n<p>3.3.1 <strong>Verarbeitung von Server-Log-Files<\/strong><\/p>\n\n\n\n<p>Bei der rein informativen Nutzung unserer Website werden zun\u00e4chst automatisiert (also nicht \u00fcber eine Registrierung) allgemeine Informationen gespeichert, die Ihr Browser an unseren Server \u00fcbermittelt. Hierzu z\u00e4hlen standardm\u00e4\u00dfig: Browsertyp\/ -version, verwendetes Betriebssystem, aufgerufene Seite, die zuvor besuchte Seite (Referrer URL), IP-Adresse, Datum und Uhrzeit der Serveranfrage und HTTP-Statuscode. Die Verarbeitung erfolgt zur Wahrung unserer berechtigten Interessen und beruht auf der Rechtsgrundlage des Art. 6 Abs. 1 Buchst. f) DSGVO. Diese Verarbeitung dient der technischen Verwaltung und der Sicherheit der Website. Die gespeicherten Daten werden gel\u00f6scht, wenn nicht aufgrund konkreter Anhaltspunkte ein berechtigter Verdacht auf eine rechtswidrige Nutzung besteht und eine weitere Pr\u00fcfung und Verarbeitung der Informationen aus diesem Grund erforderlich ist.<\/p>\n\n\n\n<h5 class=\"wp-block-heading\">3.3.2 Datenverarbeitung durch Nutzerangaben<\/h5>\n\n\n\n<p>Nutzer haben die M\u00f6glichkeit uns Daten \u00fcber die auf unserer Website bereitgestellten Formulare zukommen zu lassen. Diese wurden mit dem Kontaktformularanbieter Jotform (Jotform Inc) erstellt und auf dessen Servern gehosted. Sie werden als externe Inhalte auf unserer Website eingebettet. Hierf\u00fcr ist allerdings eine ausdr\u00fcckliche Zustimmung (opt-in) notwendig. F\u00fcr den Fall, dass Websitenutzer dem nicht zustimmen, werden entsprechende Inhalte blockiert. F\u00fcr die Datenverarbeitung durch Nutzerangaben m\u00fcssen zwei Formen von Kontakformularen unterschieden werden, die wir auf dieser Website anbieten.<\/p>\n\n\n\n<h5 class=\"wp-block-heading\">3.3.2.1 Reines Kontaktformular<\/h5>\n\n\n\n<p>Die Nutzer haben die M\u00f6glichkeit, \u00fcber ein Kontaktformular mit uns in Kontakt zu treten. Die angegebenen Daten werden durch die Jotform Inc. auf europ\u00e4ischen Servern in Frankfurt a.M. (Deutschland) gespeichert. Der Nutzer beh\u00e4lt die Eigentumsrechte an den bereitgestellten Daten. Alle dort angegebenen Nutzerdaten werden dar\u00fcber hinaus verschl\u00fcsselt und sind nur \u00fcber einen eigens f\u00fcr diesen Zweck generierten Schl\u00fcssel f\u00fcr Stella Digital Creations einsehbar. Diese Daten werden nicht an Dritte weitergegeben. Alle \u00fcber das Kontakformular verschickten Daten werden sp\u00e4testens nach 12 Monaten automatisch gel\u00f6scht, sofern nicht anders gesetzlich vorgeschrieben (z.B. handels- und steuerrechtliche Vorgaben). F\u00fcr all solche pers\u00f6nliche Daten, die solchen gesetzlichen Regelungen nicht unterliegen, kann der Nutzer uns ebenfalls individuell kontaktieren, um eine L\u00f6schung der pers\u00f6nlichen Daten zu erreichen. Weitere Informationen siehe <a rel=\"noreferrer noopener\" href=\"http:\/\/www.jotform.com\/privacy\" target=\"_blank\">www.jotform.com\/privacy<\/a> Vor Abenden der Daten muss der Nutzer der Datenschutzerkl\u00e4rung zustimmen.<\/p>\n\n\n\n<h5 class=\"wp-block-heading\">3.3.2.2 . Formulare im Kontext unserer Services &#8220;EasyTranslate&#8221;, &#8220;TranslateNow!&#8221;, &#8220;TranslateNow!+&#8221;, &#8220;EasyProofread&#8221;, &#8220;ProofreadNow!&#8221;, &#8220;ProofreadNow!+&#8221;<\/h5>\n\n\n\n<p>Um unsere oben genannten Sofortdienste in Anspruch zu nehmen, muss der Nutzer die erforderlichen Daten in das entsprechende Formular einf\u00fcgen.  Die angegebenen Daten werden durch die Jotform Inc. auf europ\u00e4ischen Servern in Frankfurt a.M. (Deutschland) gespeichert. Der Nutzer beh\u00e4lt die Eigentumsrechte an den bereitgestellten Daten. Alle dort angegebenen Nutzerdaten werden dar\u00fcber hinaus verschl\u00fcsselt und sind zun\u00e4chst nur \u00fcber einen eigens f\u00fcr diesen Zweck generierten Schl\u00fcssel f\u00fcr Stella Digital Creations einsehbar. <\/p>\n\n\n\n<p><strong>PayPal<\/strong><\/p>\n\n\n\n<p><strong>Solche \u00fcber das JotForm Formular bereitgestellten Daten, die f\u00fcr die Rechnungsstellung relevant sind <\/strong>(Name\/Firma, Adresse, ggf. steuerrechtliche Identifikationsnummern, E-Mail Adresse, Auftragsumfang und -preis, etc. des Leistungsempf\u00e4ngers) werden auf der Rechtsgrundlage von Art. 6 Abs. 1 lit. b DSGVO manuell durch Stella Digital Creations an unseren Zahlungsdienstleister <strong>PayPal <\/strong>(PayPal (Europe) S.\u00e0 r.l. et Cie, S.C.A.) weitergegeben, den wir f\u00fcr die Zahlungsabwicklung beauftragt haben. Diese werden ebenfalls von PayPal gespeichert. Auf dieser Grundlage werden \u00fcber die Werkzeuge und Dienste des genannten Zahlungsdienstleisters Rechnungen erstellt, an den Leistungsempf\u00e4nger \u00fcbermittelt und Zahlungen verwaltet. Hierbei gelten allein die <a rel=\"noreferrer noopener\" href=\"https:\/\/www.paypal.com\/ch\/webapps\/mpp\/ua\/privacy-full#4\" target=\"_blank\">Datens<\/a><a rel=\"noreferrer noopener\" href=\"https:\/\/www.paypal.com\/de\/webapps\/mpp\/ua\/privacy-full?locale.x=de_DE\" target=\"_blank\">chutzbestimmungen<\/a> und <a href=\"https:\/\/www.paypal.com\/de\/webapps\/mpp\/ua\/legalhub-full?locale.x=de_DE\" target=\"_blank\" rel=\"noreferrer noopener\">AGB<\/a> der PayPal (Europe) S.\u00e0 r.l. et Cie, S.C.A. <\/p>\n\n\n\n<p><em>&nbsp;Warum speichert PayPal personenbezogene Daten?<\/em><\/p>\n\n\n\n<p>PayPal speichert personenbezogene Daten, wenn dies zur Erf\u00fcllung unserer gesetzlichen oder regulatorischen Verpflichtungen erforderlich ist, und aus gesch\u00e4ftlichen Gr\u00fcnden. PayPal speichert personenbezogene Daten f\u00fcr l\u00e4ngere Zeitr\u00e4ume als gesetzlich vorgeschrieben, wenn dies in PayPal&#8217;s berechtigtem Unternehmensinteresse liegt und nicht gesetzlich verboten ist. Bei Schlie\u00dfung des PayPal Kontos kann PayPal Ma\u00dfnahmen ergreifen, um personenbezogene Daten und weitere Informationen zu maskieren. PayPal beh\u00e4lt sich jedoch die M\u00f6glichkeit vor, die Daten so lange zu speichern und darauf zuzugreifen, wie dies zur Einhaltung des geltenden Rechts erforderlich ist. Die Verwendung und Offenlegung solcher personenbezogenen Daten erfolgt weiterhin in \u00dcbereinstimmung mit PayPals Datenschutzerkl\u00e4rung.<\/p>\n\n\n\n<p>Wir erheben selbst keinerlei Daten bez\u00fcglich Ihrer Zahlungswege (z.B. Kreditkartennummern, u.\u00e4.). Solche Daten werden direkt von PayPal erhoben und ausschlie\u00dflich zu den Bedingungen PayPals verarbeitet. <\/p>\n\n\n\n<p>F\u00fcr weitere Informationen konsultieren Sie bitte die <a href=\"https:\/\/www.paypal.com\/de\/webapps\/mpp\/ua\/privacy-full?locale.x=de_DE\" target=\"_blank\" rel=\"noreferrer noopener\">Datenschutzbestimmungen von PayPal<\/a>.<\/p>\n\n\n\n<p>Alle Daten werden von den JotForm Servern automatisch nach 12 Monaten gel\u00f6scht. Dies impliziert, dass alle nicht unmittelbar f\u00fcr die Rechnungsstellung relevanten Daten ebenfalls nach 12 Monaten automatisch gel\u00f6scht werden. Nutzer k\u00f6nnen jederzeit die L\u00f6schung solcher Daten verlangen.<\/p>\n\n\n\n<p>Diejenigen Daten, die unmittelbar mit der Rechnungsstellung verbunden sind und somit an PayPal weitergegeben worden sind, werden unter Beachtung der gesetzlichen (v.a. handels- und steuerrechtlichen) von Stella Digital Creations Bestimmungen im Rahmen der von PayPal bereitgestellten Dienste und Werkzeuge gespeichert und verwaltet. Die dar\u00fcber hinausgehende Nutzung dieser Daten durch PayPal ist in den <a rel=\"noreferrer noopener\" href=\"https:\/\/www.paypal.com\/ch\/webapps\/mpp\/ua\/privacy-full#4\" target=\"_blank\">Datenschutzbestimmungen PayPals<\/a> geregelt. <\/p>\n\n\n\n<p>Vor dem Absenden der Daten im Rahmen des zu den oben genannten Diensten zugeh\u00f6rigen Formularen muss der Nutzer dem Datentransfer zu JotForm und PayPal, wie in diesen Datenschutzbestimmungen geregelt, zustimmen. Eine Nutzung der oben genannten Dienste ohne Einwilligung zum Datentransfer zu PayPal ist nicht m\u00f6glich.<\/p>\n\n\n\n<h5 class=\"wp-block-heading\">4. Cookies, Tracking, Plugins, externe Inhalte<\/h5>\n\n\n\n<p><strong>Cookies<\/strong><br>Wir verwenden auf unserer Website Cookies. Bei Cookies handelt es sich um kleine Textdateien, die durch Ihren Browser gespeichert werden, wenn Sie eine Website besuchen. Hierdurch wird der verwendete Browser gekennzeichnet und kann durch unseren Webserver wiedererkannt werden. Dabei verwenden wir insbesondere dauerhafte Cookies (\u201ePersistent Cookies\u201c) f\u00fcr die Analyse unserer Website. Diese Cookies werden automatisiert nach einer vorgegebenen Dauer gel\u00f6scht, die sich je nach Cookie unterscheiden kann. Sofern es durch diese Verwendung von Cookies zu einer Verarbeitung personenbezogener Daten kommt, beruht diese auf der Rechtsgrundlage des Art. 6 Abs. 1 Buchst. f) DSGVO. Diese Verarbeitung dient unserem berechtigten Interesse, unsere Website nutzerfreundlicher, effektiver sowie sicherer zu machen. Sie k\u00f6nnen die Cookies in den Sicherheitseinstellungen Ihres Browsers jederzeit l\u00f6schen. Sie k\u00f6nnen der Verwendung von Cookies durch Ihre Browsereinstellungen grunds\u00e4tzlich widersprechen.<\/p>\n\n\n\n<p><strong>Anbieter Website-Tracking<\/strong><\/p>\n\n\n\n<p><em>JetPack Site Stats<\/em><\/p>\n\n\n\n<p>Jetpack Site Stats ist ein Dienst zur Erstellung detaillierter Statistiken \u00fcber das Nutzerverhalten auf der Website. Es werden keine Cookies im technischen Sinne auf den Nutzer oder Kunden gesetzt, jedoch werden technische und personenbezogene Daten wie die IP-Adresse vom Client an den Server des Dienstanbieters \u00fcbermittelt, um die Nutzung des Dienstes zu erm\u00f6glichen. Diese Informationen k\u00f6nnen verwendet werden, um den Nutzer auf dieser Website zu verfolgen und die gesammelten Daten mehrerer Seitenaufrufe auf dieser Website zu verkn\u00fcpfen.<\/p>\n\n\n\n<p><br><strong>Social Plugins<\/strong><\/p>\n\n\n\n<p><em>WordPress Emoji<\/em><\/p>\n\n\n\n<p>WordPress Emoji ist ein Emoji-Set, das von wordpress.org geladen wird. Auf den Kunden oder Nutzer werden keine Cookies im technischen Sinne gesetzt, jedoch werden technische und personenbezogene Daten wie die IP-Adresse vom Nutzer  an den Server des Dienstanbieters \u00fcbermittelt, um die Nutzung des Dienstes zu erm\u00f6glichen.<\/p>\n\n\n\n<p><em>WordPress Comments<\/em><\/p>\n\n\n\n<p>WordPress als Content-Management-System bietet die M\u00f6glichkeit, Kommentare unter Blogbeitr\u00e4ge und \u00e4hnliche Inhalte zu schreiben. Der Cookie speichert den Namen, die E-Mail-Adresse und die Website eines Kommentators, um sie wieder anzuzeigen, wenn der Kommentator einen weiteren Kommentar auf dieser Website schreiben m\u00f6chte (zur Zeit nicht in Nutzung).<\/p>\n\n\n\n<p><br><strong>Inhalte von Drittanbietern<\/strong><br><em>JotForm<\/em><\/p>\n\n\n\n<p>JotForm ist ein Tool, mit dem Kontaktformulare DSGVO-konform erstellt werden k\u00f6nnen. W\u00e4hrend Sie Stella Digital Creations auch \u00fcber andere Wege (Post, E-Mail, Telefon) kontaktieren k\u00f6nnen, ist die Nutzung der JotForms-Inhalte allerdings erforderlich, um die unter Punkt 3.3.2.2 genannten Services in Anspruch nehmen zu k\u00f6nnen. JotForm sammelt und speichert die Formularantworten, die Sie \u00fcbermitteln, in einigen F\u00e4llen unter Verwendung von Drittanbietern wie Amazon Web Services oder Google Cloud, im Namen von Stella Digital Creations. Alle Daten werden jedoch auf Servern innerhalb der Europ\u00e4ischen Union in einer DSGVO-konformen Weise gespeichert und verschl\u00fcsselt. Der Nutzer beh\u00e4lt das Eigentum an den Daten und Stella Digital Creations verwaltet die bereitgestellten Daten. Nur Stella Digital Creations kann \u00fcber den pers\u00f6nlichen Schl\u00fcssel auf die \u00fcbermittelten Daten zugreifen. Stella Digital Creations l\u00f6scht alle \u00fcbermittelten Daten automatisch nach 12 Monaten, mit Ausnahme derjenigen Daten, die direkt f\u00fcr die Rechnungsstellung ben\u00f6tigt werden. Diese werden in \u00dcbereinstimmung mit deutschen Gesetzen aufbewahrt. Sie k\u00f6nnen sich auch jederzeit an office@stelladigitalcreations.com wenden, um die L\u00f6schung von Daten zu verlangen, die nicht von besonderen rechtlichen Bestimmungen ber\u00fchrt werden. F\u00fcr weitere Informationen konsultieren Sie die <a rel=\"noreferrer noopener\" href=\"http:\/\/jotform.com\/privacy\" data-type=\"URL\" data-id=\"jotform.com\/privacy\" target=\"_blank\">Datenschutzbestimmungen von JotForm<\/a>. Im Rahmen der Nutzung der unter Punkt 3.3.2.2 genannten Dienstleistungen, werden bestimmte Daten, die f\u00fcr die Rechnungsstellung relevant sind, an unseren Zahlungsdienstleister PayPal weitergebeben. F\u00fcr weitere Informationen, konsultieren Sie bitte Punkt 3.3.2.2 dieser Datenschutzerkl\u00e4rung.<\/p>\n\n\n\n<h5 class=\"wp-block-heading\">5. Rechte der Betroffenen, Beschwerderecht<\/h5>\n\n\n\n<p>5.1 <strong>Ihre Rechte<\/strong><\/p>\n\n\n\n<p>Als betroffene Person haben Sie das Recht, uns gegen\u00fcber Ihre Betroffenenrechte geltend zu machen. Dabei haben Sie insbesondere die folgenden Rechte:<\/p>\n\n\n\n<ul>\n<li>Sie haben nach Ma\u00dfgabe des Art.15 DSGVO und \u00a7 34 BDSG das Recht, Auskunft dar\u00fcber zu verlangen, ob und gegebenenfalls in welchen Umfang wir personenbezogene Daten zu Ihrer Person verarbeiten oder nicht.<\/li>\n\n\n\n<li>Sie haben das Recht, nach Ma\u00dfgabe des Art. 16 DSGVO von uns die Berichtigung Ihrer Daten zu verlangen.<\/li>\n\n\n\n<li>Sie haben das Recht, nach Ma\u00dfgabe des Art. 17 DSGVO und \u00a7 35 BDSG von uns die L\u00f6schung Ihrer personenbezogenen Daten zu verlangen.<\/li>\n\n\n\n<li>Sie haben das Recht, nach Ma\u00dfgabe des Art. 18 DSGVO die Verarbeitung Ihrer personenbezogenen Daten einschr\u00e4nken zu lassen.<\/li>\n\n\n\n<li>Sie haben das Recht, nach Ma\u00dfgabe des Art. 20 DSGVO die Sie betreffenden personenbezogenen Daten, die Sie uns bereitgestellt haben, in einem strukturierten, g\u00e4ngigen und maschinenlesbaren Format zu erhalten, und diese Daten einem anderen Verantwortlichen zu \u00fcbermitteln.<\/li>\n\n\n\n<li>Sie haben nach Ma\u00dfgabe des Art. 21 Abs. 1 DSGVO das Recht, gegen jede Verarbeitung, die auf der Rechtsgrundlage des Art. 6 Abs. 1 Buchst. e) oder f) DSGVO beruht, Widerspruch einzulegen. Sofern durch uns personenbezogene Daten \u00fcber Sie zum Zweck der Direktwerbung verarbeitet werden, k\u00f6nnen Sie gegen diese Verarbeitung gem. Art. 21 Abs. 2 und Abs. 3 DSGVO Widerspruch einlegen.<\/li>\n<\/ul>\n\n\n\n<p>Sofern Sie uns eine gesonderte Einwilligung in die Datenverarbeitung erteilt haben, k\u00f6nnen Sie diese Einwilligung nach Ma\u00dfgabe des Art. 7 Abs. 3 DSGVO jederzeit widerrufen. Durch einen solchen Widerruf wird die Rechtm\u00e4\u00dfigkeit der Verarbeitung, die bis zum Widerruf aufgrund der Einwilligung erfolgt ist, nicht ber\u00fchrt.<\/p>\n\n\n\n<p>5.2 <strong>Beschwerde bei einer Aufsichtsbeh\u00f6rde<\/strong><\/p>\n\n\n\n<p>Wenn Sie der Ansicht sind, dass eine Verarbeitung der Sie betreffenden personenbezogenen Daten gegen die Bestimmungen der DSGVO verst\u00f6\u00dft, haben Sie nach Ma\u00dfgabe des Art. 77 DSGVO das Recht auf Beschwerde bei einer Aufsichtsbeh\u00f6rde.<\/p>\n","protected":false},"excerpt":{"rendered":"<p>1. Einleitung Die Nutzung dieser Website kann mit der Verarbeitung von personenbezogenen Daten verbunden sein. Damit diese Verarbeitungen f\u00fcr Sie nachvollziehbar sind, m\u00f6chten wir Ihnen mit den folgenden Informationen einen \u00dcberblick zu diesen Verarbeitungen verschaffen. Um eine faire Verarbeitung zu gew\u00e4hrleisten, m\u00f6chten wir Sie au\u00dferdem \u00fcber Ihre Rechte nach der Europ\u00e4ischen Datenschutz-Grundverordnung (DSGVO) und dem &hellip; <\/p>\n","protected":false},"author":1,"featured_media":0,"parent":0,"menu_order":0,"comment_status":"closed","ping_status":"open","template":"","meta":{"footnotes":""},"translation":{"provider":"WPGlobus","version":"3.0.2","language":"de","enabled_languages":["en","de","it","sh","sr"],"languages":{"en":{"title":true,"content":true,"excerpt":false},"de":{"title":true,"content":true,"excerpt":false},"it":{"title":false,"content":false,"excerpt":false},"sh":{"title":false,"content":false,"excerpt":false},"sr":{"title":false,"content":false,"excerpt":false}}},"yoast_head":"<!-- This site is optimized with the Yoast SEO plugin v24.5 - https:\/\/yoast.com\/wordpress\/plugins\/seo\/ -->\n<title>Datenschutzerkl\u00e4rung - Stella Digital Creations - Marija Pekovi\u0107 Heckert<\/title>\n<meta name=\"robots\" content=\"noindex, follow\" \/>\n<meta property=\"og:locale\" content=\"de_DE\" \/>\n<meta property=\"og:type\" content=\"article\" \/>\n<meta property=\"og:title\" content=\"Datenschutzerkl\u00e4rung - Stella Digital Creations - Marija Pekovi\u0107 Heckert\" \/>\n<meta property=\"og:url\" content=\"https:\/\/stelladigitalcreations.com\/privacy-policy\" \/>\n<meta property=\"og:site_name\" content=\"Stella Digital Creations - Marija Pekovi\u0107 Heckert\" \/>\n<meta property=\"article:modified_time\" content=\"2022-12-03T23:51:25+00:00\" \/>\n<meta name=\"twitter:card\" content=\"summary_large_image\" \/>\n<meta name=\"twitter:label1\" content=\"Est. reading time\" \/>\n\t<meta name=\"twitter:data1\" content=\"10 minutes\" \/>\n<script type=\"application\/ld+json\" class=\"yoast-schema-graph\">{\"@context\":\"https:\/\/schema.org\",\"@graph\":[{\"@type\":\"WebPage\",\"@id\":\"https:\/\/stelladigitalcreations.com\/privacy-policy\",\"url\":\"https:\/\/stelladigitalcreations.com\/privacy-policy\",\"name\":\"Datenschutzerkl\u00e4rung - Stella Digital Creations - Marija Pekovi\u0107 Heckert\",\"isPartOf\":{\"@id\":\"https:\/\/stelladigitalcreations.com\/#website\"},\"datePublished\":\"2022-08-07T15:17:44+00:00\",\"dateModified\":\"2022-12-03T23:51:25+00:00\",\"breadcrumb\":{\"@id\":\"https:\/\/stelladigitalcreations.com\/privacy-policy#breadcrumb\"},\"inLanguage\":\"de-DE\",\"potentialAction\":[{\"@type\":\"ReadAction\",\"target\":[\"https:\/\/stelladigitalcreations.com\/privacy-policy\"]}]},{\"@type\":\"BreadcrumbList\",\"@id\":\"https:\/\/stelladigitalcreations.com\/privacy-policy#breadcrumb\",\"itemListElement\":[{\"@type\":\"ListItem\",\"position\":1,\"name\":\"Home\",\"item\":\"https:\/\/stelladigitalcreations.com\/\"},{\"@type\":\"ListItem\",\"position\":2,\"name\":\"Privacy Policy\"}]},{\"@type\":\"WebSite\",\"@id\":\"https:\/\/stelladigitalcreations.com\/#website\",\"url\":\"https:\/\/stelladigitalcreations.com\/\",\"name\":\"Stella Digital Creations - Marija Pekovi\u0107 Heckert\",\"description\":\"\",\"publisher\":{\"@id\":\"https:\/\/stelladigitalcreations.com\/#organization\"},\"potentialAction\":[{\"@type\":\"SearchAction\",\"target\":{\"@type\":\"EntryPoint\",\"urlTemplate\":\"https:\/\/stelladigitalcreations.com\/?s={search_term_string}\"},\"query-input\":{\"@type\":\"PropertyValueSpecification\",\"valueRequired\":true,\"valueName\":\"search_term_string\"}}],\"inLanguage\":\"de-DE\"},{\"@type\":\"Organization\",\"@id\":\"https:\/\/stelladigitalcreations.com\/#organization\",\"name\":\"Stella Digital Creations - Marija Pekovi\u0107 Heckert\",\"url\":\"https:\/\/stelladigitalcreations.com\/\",\"logo\":{\"@type\":\"ImageObject\",\"inLanguage\":\"de-DE\",\"@id\":\"https:\/\/stelladigitalcreations.com\/#\/schema\/logo\/image\/\",\"url\":\"https:\/\/stelladigitalcreations.com\/wp-content\/uploads\/2022\/11\/cropped-SDCwhite_cut-1.png\",\"contentUrl\":\"https:\/\/stelladigitalcreations.com\/wp-content\/uploads\/2022\/11\/cropped-SDCwhite_cut-1.png\",\"width\":760,\"height\":400,\"caption\":\"Stella Digital Creations - Marija Pekovi\u0107 Heckert\"},\"image\":{\"@id\":\"https:\/\/stelladigitalcreations.com\/#\/schema\/logo\/image\/\"}}]}<\/script>\n<!-- \/ Yoast SEO plugin. -->","yoast_head_json":{"title":"Datenschutzerkl\u00e4rung - Stella Digital Creations - Marija Pekovi\u0107 Heckert","robots":{"index":"noindex","follow":"follow"},"og_locale":"de_DE","og_type":"article","og_title":"Datenschutzerkl\u00e4rung - Stella Digital Creations - Marija Pekovi\u0107 Heckert","og_url":"https:\/\/stelladigitalcreations.com\/privacy-policy","og_site_name":"Stella Digital Creations - Marija Pekovi\u0107 Heckert","article_modified_time":"2022-12-03T23:51:25+00:00","twitter_card":"summary_large_image","twitter_misc":{"Est. reading time":"10 minutes"},"schema":{"@context":"https:\/\/schema.org","@graph":[{"@type":"WebPage","@id":"https:\/\/stelladigitalcreations.com\/privacy-policy","url":"https:\/\/stelladigitalcreations.com\/privacy-policy","name":"Datenschutzerkl\u00e4rung - Stella Digital Creations - Marija Pekovi\u0107 Heckert","isPartOf":{"@id":"https:\/\/stelladigitalcreations.com\/#website"},"datePublished":"2022-08-07T15:17:44+00:00","dateModified":"2022-12-03T23:51:25+00:00","breadcrumb":{"@id":"https:\/\/stelladigitalcreations.com\/privacy-policy#breadcrumb"},"inLanguage":"de-DE","potentialAction":[{"@type":"ReadAction","target":["https:\/\/stelladigitalcreations.com\/privacy-policy"]}]},{"@type":"BreadcrumbList","@id":"https:\/\/stelladigitalcreations.com\/privacy-policy#breadcrumb","itemListElement":[{"@type":"ListItem","position":1,"name":"Home","item":"https:\/\/stelladigitalcreations.com\/"},{"@type":"ListItem","position":2,"name":"Privacy Policy"}]},{"@type":"WebSite","@id":"https:\/\/stelladigitalcreations.com\/#website","url":"https:\/\/stelladigitalcreations.com\/","name":"Stella Digital Creations - Marija Pekovi\u0107 Heckert","description":"","publisher":{"@id":"https:\/\/stelladigitalcreations.com\/#organization"},"potentialAction":[{"@type":"SearchAction","target":{"@type":"EntryPoint","urlTemplate":"https:\/\/stelladigitalcreations.com\/?s={search_term_string}"},"query-input":{"@type":"PropertyValueSpecification","valueRequired":true,"valueName":"search_term_string"}}],"inLanguage":"de-DE"},{"@type":"Organization","@id":"https:\/\/stelladigitalcreations.com\/#organization","name":"Stella Digital Creations - Marija Pekovi\u0107 Heckert","url":"https:\/\/stelladigitalcreations.com\/","logo":{"@type":"ImageObject","inLanguage":"de-DE","@id":"https:\/\/stelladigitalcreations.com\/#\/schema\/logo\/image\/","url":"https:\/\/stelladigitalcreations.com\/wp-content\/uploads\/2022\/11\/cropped-SDCwhite_cut-1.png","contentUrl":"https:\/\/stelladigitalcreations.com\/wp-content\/uploads\/2022\/11\/cropped-SDCwhite_cut-1.png","width":760,"height":400,"caption":"Stella Digital Creations - Marija Pekovi\u0107 Heckert"},"image":{"@id":"https:\/\/stelladigitalcreations.com\/#\/schema\/logo\/image\/"}}]}},"jetpack_sharing_enabled":true,"_links":{"self":[{"href":"https:\/\/stelladigitalcreations.com\/de\/wp-json\/wp\/v2\/pages\/3"}],"collection":[{"href":"https:\/\/stelladigitalcreations.com\/de\/wp-json\/wp\/v2\/pages"}],"about":[{"href":"https:\/\/stelladigitalcreations.com\/de\/wp-json\/wp\/v2\/types\/page"}],"author":[{"embeddable":true,"href":"https:\/\/stelladigitalcreations.com\/de\/wp-json\/wp\/v2\/users\/1"}],"replies":[{"embeddable":true,"href":"https:\/\/stelladigitalcreations.com\/de\/wp-json\/wp\/v2\/comments?post=3"}],"version-history":[{"count":5,"href":"https:\/\/stelladigitalcreations.com\/de\/wp-json\/wp\/v2\/pages\/3\/revisions"}],"predecessor-version":[{"id":454,"href":"https:\/\/stelladigitalcreations.com\/de\/wp-json\/wp\/v2\/pages\/3\/revisions\/454"}],"wp:attachment":[{"href":"https:\/\/stelladigitalcreations.com\/de\/wp-json\/wp\/v2\/media?parent=3"}],"curies":[{"name":"wp","href":"https:\/\/api.w.org\/{rel}","templated":true}]}}