{"id":22,"date":"2022-08-07T20:04:15","date_gmt":"2022-08-07T20:04:15","guid":{"rendered":"http:\/\/stelladigitalcreations.com\/?page_id=22"},"modified":"2022-12-28T17:41:43","modified_gmt":"2022-12-28T16:41:43","slug":"my-services","status":"publish","type":"page","link":"https:\/\/stelladigitalcreations.com\/de\/my-services","title":{"rendered":"\u00dcber mich"},"content":{"rendered":"\n<p>Gern erz\u00e4hle ich Ihnen mehr \u00fcber mich und die Idee hinter Stella Digital Creations!<\/p>\n\n\n\n<p>Ich habe einen kreativen Ansatz zu meiner Arbeit, der in Kombination mit meinem vision\u00e4ren und strategischen Mindset, optimale Ergebnisse erzielt. Ich bin immer auf der Suche nach dem n\u00e4chsten <em>big thing,<\/em> den neuesten Copywriting and Content Creation Trends, um die Unternehmen meiner Kunden von ihnen erfolgreich profitieren zu lassen.<\/p>\n\n\n\n<p>Des Weiteren tr\u00e4gt ein kleines Netzwerk handgelesener Parner, die meine Leidenschaft teilen, zum Erfolg meiner Projekte und denen meiner Kunden bei.<\/p>\n\n\n\n<p>Das sich stets entwickelnde Business Environment hat mich gelehrt, dass Wandel die einzige Konstante ist. Ich habe diese Philosophie f\u00fcr mich angenommen und in den Mittelpunkt meiner Art des <em>Doing Business <\/em>gestellt.<\/p>\n\n\n\n<p>Mehr als ein Jahrzehnt professioneller Erfahrung im Bereich Forschung &amp; Lehre, Copyright und Business Consulting, meiner hochwertigen Ausbildung an den renommierten Universit\u00e4ten Londons, Roms und \u00d6sterreichs zusammen mit dem multikulturellem und internationalen Umfeld, in dem ich mit bewege, erm\u00f6glichen mir mit Zuversicht zu sagen: <\/p>\n\n\n\n<p class=\"has-text-align-center\"><em>Wer auch immer Sie sind, und was auch immer Ihr Business ist, zusammen k\u00f6nnen wir nach den Sternen greifen!<\/em><\/p>\n","protected":false},"excerpt":{"rendered":"<p>Gern erz\u00e4hle ich Ihnen mehr \u00fcber mich und die Idee hinter Stella Digital Creations! Ich habe einen kreativen Ansatz zu meiner Arbeit, der in Kombination mit meinem vision\u00e4ren und strategischen Mindset, optimale Ergebnisse erzielt. Ich bin immer auf der Suche nach dem n\u00e4chsten big thing, den neuesten Copywriting and Content Creation Trends, um die Unternehmen &hellip; <\/p>\n","protected":false},"author":1,"featured_media":0,"parent":0,"menu_order":0,"comment_status":"closed","ping_status":"closed","template":"","meta":{"footnotes":""},"translation":{"provider":"WPGlobus","version":"3.0.2","language":"de","enabled_languages":["en","de","it","sh","sr"],"languages":{"en":{"title":true,"content":true,"excerpt":false},"de":{"title":true,"content":true,"excerpt":false},"it":{"title":false,"content":false,"excerpt":false},"sh":{"title":false,"content":false,"excerpt":false},"sr":{"title":false,"content":false,"excerpt":false}}},"yoast_head":"<!-- This site is optimized with the Yoast SEO plugin v24.5 - https:\/\/yoast.com\/wordpress\/plugins\/seo\/ -->\n<title>\u00dcber mich - Stella Digital Creations - Marija Pekovi\u0107 Heckert<\/title>\n<meta name=\"robots\" content=\"index, follow, max-snippet:-1, max-image-preview:large, max-video-preview:-1\" \/>\n<link rel=\"canonical\" href=\"https:\/\/stelladigitalcreations.com\/my-services\" \/>\n<meta property=\"og:locale\" content=\"de_DE\" \/>\n<meta property=\"og:type\" content=\"article\" \/>\n<meta property=\"og:title\" content=\"\u00dcber mich - Stella Digital Creations - Marija Pekovi\u0107 Heckert\" \/>\n<meta property=\"og:url\" content=\"https:\/\/stelladigitalcreations.com\/my-services\" \/>\n<meta property=\"og:site_name\" content=\"Stella Digital Creations - Marija Pekovi\u0107 Heckert\" \/>\n<meta property=\"article:modified_time\" content=\"2022-12-28T16:41:43+00:00\" \/>\n<meta name=\"twitter:card\" content=\"summary_large_image\" \/>\n<meta name=\"twitter:label1\" content=\"Est. reading time\" \/>\n\t<meta name=\"twitter:data1\" content=\"1 minute\" \/>\n<script type=\"application\/ld+json\" class=\"yoast-schema-graph\">{\"@context\":\"https:\/\/schema.org\",\"@graph\":[{\"@type\":\"WebPage\",\"@id\":\"https:\/\/stelladigitalcreations.com\/my-services\",\"url\":\"https:\/\/stelladigitalcreations.com\/my-services\",\"name\":\"\u00dcber mich - Stella Digital Creations - Marija Pekovi\u0107 Heckert\",\"isPartOf\":{\"@id\":\"https:\/\/stelladigitalcreations.com\/#website\"},\"datePublished\":\"2022-08-07T20:04:15+00:00\",\"dateModified\":\"2022-12-28T16:41:43+00:00\",\"breadcrumb\":{\"@id\":\"https:\/\/stelladigitalcreations.com\/my-services#breadcrumb\"},\"inLanguage\":\"de-DE\",\"potentialAction\":[{\"@type\":\"ReadAction\",\"target\":[\"https:\/\/stelladigitalcreations.com\/my-services\"]}]},{\"@type\":\"BreadcrumbList\",\"@id\":\"https:\/\/stelladigitalcreations.com\/my-services#breadcrumb\",\"itemListElement\":[{\"@type\":\"ListItem\",\"position\":1,\"name\":\"Home\",\"item\":\"https:\/\/stelladigitalcreations.com\/\"},{\"@type\":\"ListItem\",\"position\":2,\"name\":\"About\"}]},{\"@type\":\"WebSite\",\"@id\":\"https:\/\/stelladigitalcreations.com\/#website\",\"url\":\"https:\/\/stelladigitalcreations.com\/\",\"name\":\"Stella Digital Creations - Marija Pekovi\u0107 Heckert\",\"description\":\"\",\"publisher\":{\"@id\":\"https:\/\/stelladigitalcreations.com\/#organization\"},\"potentialAction\":[{\"@type\":\"SearchAction\",\"target\":{\"@type\":\"EntryPoint\",\"urlTemplate\":\"https:\/\/stelladigitalcreations.com\/?s={search_term_string}\"},\"query-input\":{\"@type\":\"PropertyValueSpecification\",\"valueRequired\":true,\"valueName\":\"search_term_string\"}}],\"inLanguage\":\"de-DE\"},{\"@type\":\"Organization\",\"@id\":\"https:\/\/stelladigitalcreations.com\/#organization\",\"name\":\"Stella Digital Creations - Marija Pekovi\u0107 Heckert\",\"url\":\"https:\/\/stelladigitalcreations.com\/\",\"logo\":{\"@type\":\"ImageObject\",\"inLanguage\":\"de-DE\",\"@id\":\"https:\/\/stelladigitalcreations.com\/#\/schema\/logo\/image\/\",\"url\":\"https:\/\/stelladigitalcreations.com\/wp-content\/uploads\/2022\/11\/cropped-SDCwhite_cut-1.png\",\"contentUrl\":\"https:\/\/stelladigitalcreations.com\/wp-content\/uploads\/2022\/11\/cropped-SDCwhite_cut-1.png\",\"width\":760,\"height\":400,\"caption\":\"Stella Digital Creations - Marija Pekovi\u0107 Heckert\"},\"image\":{\"@id\":\"https:\/\/stelladigitalcreations.com\/#\/schema\/logo\/image\/\"}}]}<\/script>\n<!-- \/ Yoast SEO plugin. -->","yoast_head_json":{"title":"\u00dcber mich - Stella Digital Creations - Marija Pekovi\u0107 Heckert","robots":{"index":"index","follow":"follow","max-snippet":"max-snippet:-1","max-image-preview":"max-image-preview:large","max-video-preview":"max-video-preview:-1"},"canonical":"https:\/\/stelladigitalcreations.com\/my-services","og_locale":"de_DE","og_type":"article","og_title":"\u00dcber mich - Stella Digital Creations - Marija Pekovi\u0107 Heckert","og_url":"https:\/\/stelladigitalcreations.com\/my-services","og_site_name":"Stella Digital Creations - Marija Pekovi\u0107 Heckert","article_modified_time":"2022-12-28T16:41:43+00:00","twitter_card":"summary_large_image","twitter_misc":{"Est. reading time":"1 minute"},"schema":{"@context":"https:\/\/schema.org","@graph":[{"@type":"WebPage","@id":"https:\/\/stelladigitalcreations.com\/my-services","url":"https:\/\/stelladigitalcreations.com\/my-services","name":"\u00dcber mich - Stella Digital Creations - Marija Pekovi\u0107 Heckert","isPartOf":{"@id":"https:\/\/stelladigitalcreations.com\/#website"},"datePublished":"2022-08-07T20:04:15+00:00","dateModified":"2022-12-28T16:41:43+00:00","breadcrumb":{"@id":"https:\/\/stelladigitalcreations.com\/my-services#breadcrumb"},"inLanguage":"de-DE","potentialAction":[{"@type":"ReadAction","target":["https:\/\/stelladigitalcreations.com\/my-services"]}]},{"@type":"BreadcrumbList","@id":"https:\/\/stelladigitalcreations.com\/my-services#breadcrumb","itemListElement":[{"@type":"ListItem","position":1,"name":"Home","item":"https:\/\/stelladigitalcreations.com\/"},{"@type":"ListItem","position":2,"name":"About"}]},{"@type":"WebSite","@id":"https:\/\/stelladigitalcreations.com\/#website","url":"https:\/\/stelladigitalcreations.com\/","name":"Stella Digital Creations - Marija Pekovi\u0107 Heckert","description":"","publisher":{"@id":"https:\/\/stelladigitalcreations.com\/#organization"},"potentialAction":[{"@type":"SearchAction","target":{"@type":"EntryPoint","urlTemplate":"https:\/\/stelladigitalcreations.com\/?s={search_term_string}"},"query-input":{"@type":"PropertyValueSpecification","valueRequired":true,"valueName":"search_term_string"}}],"inLanguage":"de-DE"},{"@type":"Organization","@id":"https:\/\/stelladigitalcreations.com\/#organization","name":"Stella Digital Creations - Marija Pekovi\u0107 Heckert","url":"https:\/\/stelladigitalcreations.com\/","logo":{"@type":"ImageObject","inLanguage":"de-DE","@id":"https:\/\/stelladigitalcreations.com\/#\/schema\/logo\/image\/","url":"https:\/\/stelladigitalcreations.com\/wp-content\/uploads\/2022\/11\/cropped-SDCwhite_cut-1.png","contentUrl":"https:\/\/stelladigitalcreations.com\/wp-content\/uploads\/2022\/11\/cropped-SDCwhite_cut-1.png","width":760,"height":400,"caption":"Stella Digital Creations - Marija Pekovi\u0107 Heckert"},"image":{"@id":"https:\/\/stelladigitalcreations.com\/#\/schema\/logo\/image\/"}}]}},"jetpack_sharing_enabled":true,"_links":{"self":[{"href":"https:\/\/stelladigitalcreations.com\/de\/wp-json\/wp\/v2\/pages\/22"}],"collection":[{"href":"https:\/\/stelladigitalcreations.com\/de\/wp-json\/wp\/v2\/pages"}],"about":[{"href":"https:\/\/stelladigitalcreations.com\/de\/wp-json\/wp\/v2\/types\/page"}],"author":[{"embeddable":true,"href":"https:\/\/stelladigitalcreations.com\/de\/wp-json\/wp\/v2\/users\/1"}],"replies":[{"embeddable":true,"href":"https:\/\/stelladigitalcreations.com\/de\/wp-json\/wp\/v2\/comments?post=22"}],"version-history":[{"count":10,"href":"https:\/\/stelladigitalcreations.com\/de\/wp-json\/wp\/v2\/pages\/22\/revisions"}],"predecessor-version":[{"id":594,"href":"https:\/\/stelladigitalcreations.com\/de\/wp-json\/wp\/v2\/pages\/22\/revisions\/594"}],"wp:attachment":[{"href":"https:\/\/stelladigitalcreations.com\/de\/wp-json\/wp\/v2\/media?parent=22"}],"curies":[{"name":"wp","href":"https:\/\/api.w.org\/{rel}","templated":true}]}}