{"id":169,"date":"2022-12-03T10:21:03","date_gmt":"2022-12-03T09:21:03","guid":{"rendered":"http:\/\/stelladigitalcreations.com\/?page_id=169"},"modified":"2022-12-28T17:53:06","modified_gmt":"2022-12-28T16:53:06","slug":"content-creation-for-digital-marketing","status":"publish","type":"page","link":"https:\/\/stelladigitalcreations.com\/de\/digital-marketing\/content-creation-for-digital-marketing","title":{"rendered":"Content Creation f\u00fcr digitales Marketing"},"content":{"rendered":"\n<blockquote class=\"wp-block-quote has-text-align-right is-layout-flow wp-block-quote-is-layout-flow\">\n<p class=\"has-text-align-right\"><strong><em>&#8220;Ich brauche nichts als ein St\u00fcck Papier und ein Schreibwerkzeug, und ich werde die Welt aus den Angeln heben.\u2019\u2019 <\/em><\/strong><\/p>\n<cite>F. Nietzsche<\/cite><\/blockquote>\n\n\n\n<p>Nietzsche w\u00fcrde heute wohl zustimmen, dass Tastatur und Bildschirm die Arbeit besser verrichten als Papier und Stift. Was sich allerdings nie ge\u00e4ndert hat, ist die Kraft, die das Wort besitzt. Nutzen Sie die Kraft der Worte um die Zielgruppe f\u00fcr Ihr Produkt, Ihre Dienstleistung oder Ihr Konzep zu begeistern. Machen Sie sich und Ihr Werk durch individuell erstellten Content bekannt und schaffen Sie neue Verbindungen mit Ihrer Kundschaft! Der strategische und kreative Ansatz, der mich in der Content Creation anleitet, garantiert ma\u00dfgeschneiderte Inhalte, die den Anspr\u00fcchen Ihrer Kunden gerecht werden. In Stella Digital Creations haben Sie den idealen Partner f\u00fcr die Creation Ihrer Contents gefunden.<\/p>\n\n\n\n<p>Marketing-orientierte Content Creation Dienstleistungen von Stella Digital Creations beinhalten u.a.:<\/p>\n\n\n\n<ul>\n<li>Content f\u00fcr Social Media<\/li>\n\n\n\n<li>Blog Posts<\/li>\n\n\n\n<li>Newsletters<\/li>\n<\/ul>\n\n\n<style>.wp-block-kadence-column.kb-section-dir-horizontal > .kt-inside-inner-col > #kt-info-box_8905a6-a4 .kt-blocks-info-box-link-wrap{max-width:unset;}#kt-info-box_8905a6-a4 .kt-blocks-info-box-link-wrap{padding-top:var(--global-kb-spacing-xs, 1rem);padding-right:var(--global-kb-spacing-xs, 1rem);padding-bottom:var(--global-kb-spacing-xs, 1rem);padding-left:var(--global-kb-spacing-xs, 1rem);}#kt-info-box_8905a6-a4 .kadence-info-box-icon-container .kt-info-svg-icon, #kt-info-box_8905a6-a4 .kt-info-svg-icon-flip, #kt-info-box_8905a6-a4 .kt-blocks-info-box-number{font-size:50px;}#kt-info-box_8905a6-a4 .kt-blocks-info-box-media{color:#444444;border-top-width:0px;border-right-width:0px;border-bottom-width:0px;border-left-width:0px;padding-top:10px;padding-right:10px;padding-bottom:10px;padding-left:10px;}#kt-info-box_8905a6-a4 .kt-blocks-info-box-media-container{margin-top:0px;margin-right:15px;margin-bottom:0px;margin-left:15px;}#kt-info-box_8905a6-a4 .kt-blocks-info-box-link-wrap:hover .kt-blocks-info-box-media{color:#444444;}#kt-info-box_8905a6-a4 .kt-blocks-info-box-learnmore{background:transparent;border-width:0px 0px 0px 0px;padding-top:4px;padding-right:8px;padding-bottom:4px;padding-left:8px;margin-top:10px;margin-right:0px;margin-bottom:10px;margin-left:0px;}<\/style>\n<div id=\"kt-info-box_8905a6-a4\" class=\"wp-block-kadence-infobox\"><a class=\"kt-blocks-info-box-link-wrap info-box-link kt-blocks-info-box-media-align-top kt-info-halign-center\" href=\"https:\/\/stelladigitalcreations.com\/contact-me\"><div class=\"kt-blocks-info-box-media-container\"><div class=\"kt-blocks-info-box-media kt-info-media-animate-none\"><div class=\"kadence-info-box-icon-container kt-info-icon-animate-none\"><div class=\"kadence-info-box-icon-inner-container\"><span style=\"display:block;justify-content:center;align-items:center\" class=\"kt-info-svg-icon kt-info-svg-icon-fe_messageCircle\"><svg style=\"display:inline-block;vertical-align:middle\" viewBox=\"0 0 24 24\" height=\"50\" width=\"50\" fill=\"none\" stroke=\"currentColor\" xmlns=\"http:\/\/www.w3.org\/2000\/svg\" stroke-width=\"2\" stroke-linecap=\"round\" stroke-linejoin=\"round\" aria-hidden=\"true\"><path d=\"M21 11.5a8.38 8.38 0 0 1-.9 3.8 8.5 8.5 0 0 1-7.6 4.7 8.38 8.38 0 0 1-3.8-.9L3 21l1.9-5.7a8.38 8.38 0 0 1-.9-3.8 8.5 8.5 0 0 1 4.7-7.6 8.38 8.38 0 0 1 3.8-.9h.5a8.48 8.48 0 0 1 8 8v.5z\"><\/path><\/svg><\/span><\/div><\/div><\/div><\/div><div class=\"kt-infobox-textcontent\"><h2 class=\"kt-blocks-info-box-title\">Schreiben Sie mir!<\/h2><p class=\"kt-blocks-info-box-text\">Und entdecken Sie unsere individuellen L\u00f6sungen im Bereich Content Creation<\/p><\/div><\/a><\/div>\n","protected":false},"excerpt":{"rendered":"<p>&#8220;Ich brauche nichts als ein St\u00fcck Papier und ein Schreibwerkzeug, und ich werde die Welt aus den Angeln heben.\u2019\u2019 F. Nietzsche Nietzsche w\u00fcrde heute wohl zustimmen, dass Tastatur und Bildschirm die Arbeit besser verrichten als Papier und Stift. Was sich allerdings nie ge\u00e4ndert hat, ist die Kraft, die das Wort besitzt. Nutzen Sie die Kraft &hellip; <\/p>\n","protected":false},"author":1,"featured_media":0,"parent":80,"menu_order":0,"comment_status":"closed","ping_status":"closed","template":"","meta":{"footnotes":""},"translation":{"provider":"WPGlobus","version":"3.0.2","language":"de","enabled_languages":["en","de","it","sh","sr"],"languages":{"en":{"title":true,"content":true,"excerpt":false},"de":{"title":true,"content":true,"excerpt":false},"it":{"title":false,"content":false,"excerpt":false},"sh":{"title":false,"content":false,"excerpt":false},"sr":{"title":false,"content":false,"excerpt":false}}},"yoast_head":"<!-- This site is optimized with the Yoast SEO plugin v24.5 - https:\/\/yoast.com\/wordpress\/plugins\/seo\/ -->\n<title>Content Creation f\u00fcr digitales Marketing - Stella Digital Creations - Marija Pekovi\u0107 Heckert<\/title>\n<meta name=\"description\" content=\"Biete deinen Kunden den Content, der sie begeistert. Verbessere mit uns deine Performance auf Social Media, durch Blog Posts und Newsletter.\" \/>\n<meta name=\"robots\" content=\"index, follow, max-snippet:-1, max-image-preview:large, max-video-preview:-1\" \/>\n<link rel=\"canonical\" href=\"https:\/\/stelladigitalcreations.com\/digital-marketing\/content-creation-for-digital-marketing\" \/>\n<meta property=\"og:locale\" content=\"de_DE\" \/>\n<meta property=\"og:type\" content=\"article\" \/>\n<meta property=\"og:title\" content=\"Content Creation f\u00fcr digitales Marketing - Stella Digital Creations - Marija Pekovi\u0107 Heckert\" \/>\n<meta property=\"og:description\" content=\"Biete deinen Kunden den Content, der sie begeistert. Verbessere mit uns deine Performance auf Social Media, durch Blog Posts und Newsletter.\" \/>\n<meta property=\"og:url\" content=\"https:\/\/stelladigitalcreations.com\/digital-marketing\/content-creation-for-digital-marketing\" \/>\n<meta property=\"og:site_name\" content=\"Stella Digital Creations - Marija Pekovi\u0107 Heckert\" \/>\n<meta property=\"article:modified_time\" content=\"2022-12-28T16:53:06+00:00\" \/>\n<meta name=\"twitter:card\" content=\"summary_large_image\" \/>\n<meta name=\"twitter:label1\" content=\"Est. reading time\" \/>\n\t<meta name=\"twitter:data1\" content=\"1 minute\" \/>\n<script type=\"application\/ld+json\" class=\"yoast-schema-graph\">{\"@context\":\"https:\/\/schema.org\",\"@graph\":[{\"@type\":\"WebPage\",\"@id\":\"https:\/\/stelladigitalcreations.com\/digital-marketing\/content-creation-for-digital-marketing\",\"url\":\"https:\/\/stelladigitalcreations.com\/digital-marketing\/content-creation-for-digital-marketing\",\"name\":\"Content Creation f\u00fcr digitales Marketing - Stella Digital Creations - Marija Pekovi\u0107 Heckert\",\"isPartOf\":{\"@id\":\"https:\/\/stelladigitalcreations.com\/#website\"},\"datePublished\":\"2022-12-03T09:21:03+00:00\",\"dateModified\":\"2022-12-28T16:53:06+00:00\",\"description\":\"Biete deinen Kunden den Content, der sie begeistert. Verbessere mit uns deine Performance auf Social Media, durch Blog Posts und Newsletter.\",\"breadcrumb\":{\"@id\":\"https:\/\/stelladigitalcreations.com\/digital-marketing\/content-creation-for-digital-marketing#breadcrumb\"},\"inLanguage\":\"de-DE\",\"potentialAction\":[{\"@type\":\"ReadAction\",\"target\":[\"https:\/\/stelladigitalcreations.com\/digital-marketing\/content-creation-for-digital-marketing\"]}]},{\"@type\":\"BreadcrumbList\",\"@id\":\"https:\/\/stelladigitalcreations.com\/digital-marketing\/content-creation-for-digital-marketing#breadcrumb\",\"itemListElement\":[{\"@type\":\"ListItem\",\"position\":1,\"name\":\"Home\",\"item\":\"https:\/\/stelladigitalcreations.com\/\"},{\"@type\":\"ListItem\",\"position\":2,\"name\":\"Digital Marketing tailored to your needs\",\"item\":\"https:\/\/stelladigitalcreations.com\/digital-marketing\"},{\"@type\":\"ListItem\",\"position\":3,\"name\":\"Content Creation for Digital Marketing\"}]},{\"@type\":\"WebSite\",\"@id\":\"https:\/\/stelladigitalcreations.com\/#website\",\"url\":\"https:\/\/stelladigitalcreations.com\/\",\"name\":\"Stella Digital Creations - Marija Pekovi\u0107 Heckert\",\"description\":\"\",\"publisher\":{\"@id\":\"https:\/\/stelladigitalcreations.com\/#organization\"},\"potentialAction\":[{\"@type\":\"SearchAction\",\"target\":{\"@type\":\"EntryPoint\",\"urlTemplate\":\"https:\/\/stelladigitalcreations.com\/?s={search_term_string}\"},\"query-input\":{\"@type\":\"PropertyValueSpecification\",\"valueRequired\":true,\"valueName\":\"search_term_string\"}}],\"inLanguage\":\"de-DE\"},{\"@type\":\"Organization\",\"@id\":\"https:\/\/stelladigitalcreations.com\/#organization\",\"name\":\"Stella Digital Creations - Marija Pekovi\u0107 Heckert\",\"url\":\"https:\/\/stelladigitalcreations.com\/\",\"logo\":{\"@type\":\"ImageObject\",\"inLanguage\":\"de-DE\",\"@id\":\"https:\/\/stelladigitalcreations.com\/#\/schema\/logo\/image\/\",\"url\":\"https:\/\/stelladigitalcreations.com\/wp-content\/uploads\/2022\/11\/cropped-SDCwhite_cut-1.png\",\"contentUrl\":\"https:\/\/stelladigitalcreations.com\/wp-content\/uploads\/2022\/11\/cropped-SDCwhite_cut-1.png\",\"width\":760,\"height\":400,\"caption\":\"Stella Digital Creations - Marija Pekovi\u0107 Heckert\"},\"image\":{\"@id\":\"https:\/\/stelladigitalcreations.com\/#\/schema\/logo\/image\/\"}}]}<\/script>\n<!-- \/ Yoast SEO plugin. -->","yoast_head_json":{"title":"Content Creation f\u00fcr digitales Marketing - Stella Digital Creations - Marija Pekovi\u0107 Heckert","description":"Biete deinen Kunden den Content, der sie begeistert. Verbessere mit uns deine Performance auf Social Media, durch Blog Posts und Newsletter.","robots":{"index":"index","follow":"follow","max-snippet":"max-snippet:-1","max-image-preview":"max-image-preview:large","max-video-preview":"max-video-preview:-1"},"canonical":"https:\/\/stelladigitalcreations.com\/digital-marketing\/content-creation-for-digital-marketing","og_locale":"de_DE","og_type":"article","og_title":"Content Creation f\u00fcr digitales Marketing - Stella Digital Creations - Marija Pekovi\u0107 Heckert","og_description":"Biete deinen Kunden den Content, der sie begeistert. Verbessere mit uns deine Performance auf Social Media, durch Blog Posts und Newsletter.","og_url":"https:\/\/stelladigitalcreations.com\/digital-marketing\/content-creation-for-digital-marketing","og_site_name":"Stella Digital Creations - Marija Pekovi\u0107 Heckert","article_modified_time":"2022-12-28T16:53:06+00:00","twitter_card":"summary_large_image","twitter_misc":{"Est. reading time":"1 minute"},"schema":{"@context":"https:\/\/schema.org","@graph":[{"@type":"WebPage","@id":"https:\/\/stelladigitalcreations.com\/digital-marketing\/content-creation-for-digital-marketing","url":"https:\/\/stelladigitalcreations.com\/digital-marketing\/content-creation-for-digital-marketing","name":"Content Creation f\u00fcr digitales Marketing - Stella Digital Creations - Marija Pekovi\u0107 Heckert","isPartOf":{"@id":"https:\/\/stelladigitalcreations.com\/#website"},"datePublished":"2022-12-03T09:21:03+00:00","dateModified":"2022-12-28T16:53:06+00:00","description":"Biete deinen Kunden den Content, der sie begeistert. Verbessere mit uns deine Performance auf Social Media, durch Blog Posts und Newsletter.","breadcrumb":{"@id":"https:\/\/stelladigitalcreations.com\/digital-marketing\/content-creation-for-digital-marketing#breadcrumb"},"inLanguage":"de-DE","potentialAction":[{"@type":"ReadAction","target":["https:\/\/stelladigitalcreations.com\/digital-marketing\/content-creation-for-digital-marketing"]}]},{"@type":"BreadcrumbList","@id":"https:\/\/stelladigitalcreations.com\/digital-marketing\/content-creation-for-digital-marketing#breadcrumb","itemListElement":[{"@type":"ListItem","position":1,"name":"Home","item":"https:\/\/stelladigitalcreations.com\/"},{"@type":"ListItem","position":2,"name":"Digital Marketing tailored to your needs","item":"https:\/\/stelladigitalcreations.com\/digital-marketing"},{"@type":"ListItem","position":3,"name":"Content Creation for Digital Marketing"}]},{"@type":"WebSite","@id":"https:\/\/stelladigitalcreations.com\/#website","url":"https:\/\/stelladigitalcreations.com\/","name":"Stella Digital Creations - Marija Pekovi\u0107 Heckert","description":"","publisher":{"@id":"https:\/\/stelladigitalcreations.com\/#organization"},"potentialAction":[{"@type":"SearchAction","target":{"@type":"EntryPoint","urlTemplate":"https:\/\/stelladigitalcreations.com\/?s={search_term_string}"},"query-input":{"@type":"PropertyValueSpecification","valueRequired":true,"valueName":"search_term_string"}}],"inLanguage":"de-DE"},{"@type":"Organization","@id":"https:\/\/stelladigitalcreations.com\/#organization","name":"Stella Digital Creations - Marija Pekovi\u0107 Heckert","url":"https:\/\/stelladigitalcreations.com\/","logo":{"@type":"ImageObject","inLanguage":"de-DE","@id":"https:\/\/stelladigitalcreations.com\/#\/schema\/logo\/image\/","url":"https:\/\/stelladigitalcreations.com\/wp-content\/uploads\/2022\/11\/cropped-SDCwhite_cut-1.png","contentUrl":"https:\/\/stelladigitalcreations.com\/wp-content\/uploads\/2022\/11\/cropped-SDCwhite_cut-1.png","width":760,"height":400,"caption":"Stella Digital Creations - Marija Pekovi\u0107 Heckert"},"image":{"@id":"https:\/\/stelladigitalcreations.com\/#\/schema\/logo\/image\/"}}]}},"jetpack_sharing_enabled":true,"_links":{"self":[{"href":"https:\/\/stelladigitalcreations.com\/de\/wp-json\/wp\/v2\/pages\/169"}],"collection":[{"href":"https:\/\/stelladigitalcreations.com\/de\/wp-json\/wp\/v2\/pages"}],"about":[{"href":"https:\/\/stelladigitalcreations.com\/de\/wp-json\/wp\/v2\/types\/page"}],"author":[{"embeddable":true,"href":"https:\/\/stelladigitalcreations.com\/de\/wp-json\/wp\/v2\/users\/1"}],"replies":[{"embeddable":true,"href":"https:\/\/stelladigitalcreations.com\/de\/wp-json\/wp\/v2\/comments?post=169"}],"version-history":[{"count":19,"href":"https:\/\/stelladigitalcreations.com\/de\/wp-json\/wp\/v2\/pages\/169\/revisions"}],"predecessor-version":[{"id":602,"href":"https:\/\/stelladigitalcreations.com\/de\/wp-json\/wp\/v2\/pages\/169\/revisions\/602"}],"up":[{"embeddable":true,"href":"https:\/\/stelladigitalcreations.com\/de\/wp-json\/wp\/v2\/pages\/80"}],"wp:attachment":[{"href":"https:\/\/stelladigitalcreations.com\/de\/wp-json\/wp\/v2\/media?parent=169"}],"curies":[{"name":"wp","href":"https:\/\/api.w.org\/{rel}","templated":true}]}}