{"id":108,"date":"2022-08-14T15:24:38","date_gmt":"2022-08-14T15:24:38","guid":{"rendered":"http:\/\/stelladigitalcreations.com\/?page_id=108"},"modified":"2022-12-28T18:09:23","modified_gmt":"2022-12-28T17:09:23","slug":"copywriting-2","status":"publish","type":"page","link":"https:\/\/stelladigitalcreations.com\/de\/digital-marketing\/copywriting-2","title":{"rendered":"Copywriting"},"content":{"rendered":"\n<blockquote class=\"wp-block-quote has-text-align-right is-layout-flow wp-block-quote-is-layout-flow\">\n<p class=\"has-text-align-right\"><\/p>\n\n\n\n<p><em><strong>W<\/strong><\/em><strong><em>as man von den Menschen behauptet [&#8230;], ist oft f\u00fcr ihr Leben und zumal ihr Geschick ebenso wichtig wie das, was sie tun<\/em><\/strong><\/p>\n<cite>V. Hugo<\/cite><\/blockquote>\n\n\n\n<p>Hier bei Stella Digital Creations k\u00fcmmern wir uns nicht nur darum, was von Menschen behauptet wird, sondern auch darum, was \u00fcber die Marken, Produkte, Dienstleistungen oder Konzepte) unserer Kunden berichtet wird. Auf dem heutigen Markt gut oder sogar exzellent zu sein, hei\u00dft noch lange nicht gut  genug zu sein. Deshalb gibt es Stella Digital Creations &#8211; mit unserem Copywriting helfen wir Ihrem Business dabei das &#8220;exzellent genug&#8221; zu erreichen, das auf dem Markt den entscheidenden Unterschied macht.<\/p>\n\n\n\n<p>Wir bieten den Service, kreative, zielgerichtete und \u00fcberzeugende Texte zu schreiben, welche das Interesse Ihrer Zielgruppe an Ihrem Produkt oder Service weckt und ihr dabei zu helfen, die Kaufentscheidung zu Ihren Gunsten zu treffen.<\/p>\n\n\n\n<p>Die Copywriting Dienste bei Stella Digital Creations umfassen<\/p>\n\n\n\n<ul>\n<li>Digitale und Print Werbeanzeigen<\/li>\n\n\n\n<li>E-Mail Marketing<\/li>\n\n\n\n<li>Verkaufsseiten<\/li>\n\n\n\n<li>Websites<\/li>\n\n\n\n<li>Infoseiten<\/li>\n\n\n\n<li>Produktbeschreibungen<\/li>\n<\/ul>\n\n\n<style>.wp-block-kadence-column.kb-section-dir-horizontal > .kt-inside-inner-col > #kt-info-box_8905a6-a4 .kt-blocks-info-box-link-wrap{max-width:unset;}#kt-info-box_8905a6-a4 .kt-blocks-info-box-link-wrap{padding-top:var(--global-kb-spacing-xs, 1rem);padding-right:var(--global-kb-spacing-xs, 1rem);padding-bottom:var(--global-kb-spacing-xs, 1rem);padding-left:var(--global-kb-spacing-xs, 1rem);}#kt-info-box_8905a6-a4 .kadence-info-box-icon-container .kt-info-svg-icon, #kt-info-box_8905a6-a4 .kt-info-svg-icon-flip, #kt-info-box_8905a6-a4 .kt-blocks-info-box-number{font-size:50px;}#kt-info-box_8905a6-a4 .kt-blocks-info-box-media{color:#444444;border-top-width:0px;border-right-width:0px;border-bottom-width:0px;border-left-width:0px;padding-top:10px;padding-right:10px;padding-bottom:10px;padding-left:10px;}#kt-info-box_8905a6-a4 .kt-blocks-info-box-media-container{margin-top:0px;margin-right:15px;margin-bottom:0px;margin-left:15px;}#kt-info-box_8905a6-a4 .kt-blocks-info-box-link-wrap:hover .kt-blocks-info-box-media{color:#444444;}#kt-info-box_8905a6-a4 .kt-blocks-info-box-learnmore{background:transparent;border-width:0px 0px 0px 0px;padding-top:4px;padding-right:8px;padding-bottom:4px;padding-left:8px;margin-top:10px;margin-right:0px;margin-bottom:10px;margin-left:0px;}<\/style>\n<div id=\"kt-info-box_8905a6-a4\" class=\"wp-block-kadence-infobox\"><a class=\"kt-blocks-info-box-link-wrap info-box-link kt-blocks-info-box-media-align-top kt-info-halign-center\" href=\"https:\/\/stelladigitalcreations.com\/contact-me\"><div class=\"kt-blocks-info-box-media-container\"><div class=\"kt-blocks-info-box-media kt-info-media-animate-none\"><div class=\"kadence-info-box-icon-container kt-info-icon-animate-none\"><div class=\"kadence-info-box-icon-inner-container\"><span style=\"display:block;justify-content:center;align-items:center\" class=\"kt-info-svg-icon kt-info-svg-icon-fe_messageCircle\"><svg style=\"display:inline-block;vertical-align:middle\" viewBox=\"0 0 24 24\" height=\"50\" width=\"50\" fill=\"none\" stroke=\"currentColor\" xmlns=\"http:\/\/www.w3.org\/2000\/svg\" stroke-width=\"2\" stroke-linecap=\"round\" stroke-linejoin=\"round\" aria-hidden=\"true\"><path d=\"M21 11.5a8.38 8.38 0 0 1-.9 3.8 8.5 8.5 0 0 1-7.6 4.7 8.38 8.38 0 0 1-3.8-.9L3 21l1.9-5.7a8.38 8.38 0 0 1-.9-3.8 8.5 8.5 0 0 1 4.7-7.6 8.38 8.38 0 0 1 3.8-.9h.5a8.48 8.48 0 0 1 8 8v.5z\"><\/path><\/svg><\/span><\/div><\/div><\/div><\/div><div class=\"kt-infobox-textcontent\"><h2 class=\"kt-blocks-info-box-title\">Schreiben Sie mir!<\/h2><p class=\"kt-blocks-info-box-text\">Entdecken Sie ma\u00dfgeschneiderte Dienstleistungen, die zu Ihnen passen<\/p><\/div><\/a><\/div>\n","protected":false},"excerpt":{"rendered":"<p>Was man von den Menschen behauptet [&#8230;], ist oft f\u00fcr ihr Leben und zumal ihr Geschick ebenso wichtig wie das, was sie tun V. Hugo Hier bei Stella Digital Creations k\u00fcmmern wir uns nicht nur darum, was von Menschen behauptet wird, sondern auch darum, was \u00fcber die Marken, Produkte, Dienstleistungen oder Konzepte) unserer Kunden berichtet &hellip; <\/p>\n","protected":false},"author":1,"featured_media":0,"parent":80,"menu_order":0,"comment_status":"closed","ping_status":"closed","template":"","meta":{"footnotes":""},"translation":{"provider":"WPGlobus","version":"3.0.2","language":"de","enabled_languages":["en","de","it","sh","sr"],"languages":{"en":{"title":true,"content":true,"excerpt":false},"de":{"title":true,"content":true,"excerpt":false},"it":{"title":false,"content":false,"excerpt":false},"sh":{"title":false,"content":false,"excerpt":false},"sr":{"title":false,"content":false,"excerpt":false}}},"yoast_head":"<!-- This site is optimized with the Yoast SEO plugin v24.5 - https:\/\/yoast.com\/wordpress\/plugins\/seo\/ -->\n<title>Copywriting - Stella Digital Creations - Marija Pekovi\u0107 Heckert<\/title>\n<meta name=\"description\" content=\"Durch unser Copywriting verhelfen wir deinem Business zum entscheidenden Marktvorteil durch auf deine Zielgruppe zugeschnittene Texte\" \/>\n<meta name=\"robots\" content=\"index, follow, max-snippet:-1, max-image-preview:large, max-video-preview:-1\" \/>\n<link rel=\"canonical\" href=\"https:\/\/stelladigitalcreations.com\/digital-marketing\/copywriting-2\" \/>\n<meta property=\"og:locale\" content=\"de_DE\" \/>\n<meta property=\"og:type\" content=\"article\" \/>\n<meta property=\"og:title\" content=\"Copywriting - Stella Digital Creations - Marija Pekovi\u0107 Heckert\" \/>\n<meta property=\"og:description\" content=\"Durch unser Copywriting verhelfen wir deinem Business zum entscheidenden Marktvorteil durch auf deine Zielgruppe zugeschnittene Texte\" \/>\n<meta property=\"og:url\" content=\"https:\/\/stelladigitalcreations.com\/digital-marketing\/copywriting-2\" \/>\n<meta property=\"og:site_name\" content=\"Stella Digital Creations - Marija Pekovi\u0107 Heckert\" \/>\n<meta property=\"article:modified_time\" content=\"2022-12-28T17:09:23+00:00\" \/>\n<meta name=\"twitter:card\" content=\"summary_large_image\" \/>\n<meta name=\"twitter:label1\" content=\"Est. reading time\" \/>\n\t<meta name=\"twitter:data1\" content=\"1 minute\" \/>\n<script type=\"application\/ld+json\" class=\"yoast-schema-graph\">{\"@context\":\"https:\/\/schema.org\",\"@graph\":[{\"@type\":\"WebPage\",\"@id\":\"https:\/\/stelladigitalcreations.com\/digital-marketing\/copywriting-2\",\"url\":\"https:\/\/stelladigitalcreations.com\/digital-marketing\/copywriting-2\",\"name\":\"Copywriting - Stella Digital Creations - Marija Pekovi\u0107 Heckert\",\"isPartOf\":{\"@id\":\"https:\/\/stelladigitalcreations.com\/#website\"},\"datePublished\":\"2022-08-14T15:24:38+00:00\",\"dateModified\":\"2022-12-28T17:09:23+00:00\",\"description\":\"Durch unser Copywriting verhelfen wir deinem Business zum entscheidenden Marktvorteil durch auf deine Zielgruppe zugeschnittene Texte\",\"breadcrumb\":{\"@id\":\"https:\/\/stelladigitalcreations.com\/digital-marketing\/copywriting-2#breadcrumb\"},\"inLanguage\":\"de-DE\",\"potentialAction\":[{\"@type\":\"ReadAction\",\"target\":[\"https:\/\/stelladigitalcreations.com\/digital-marketing\/copywriting-2\"]}]},{\"@type\":\"BreadcrumbList\",\"@id\":\"https:\/\/stelladigitalcreations.com\/digital-marketing\/copywriting-2#breadcrumb\",\"itemListElement\":[{\"@type\":\"ListItem\",\"position\":1,\"name\":\"Home\",\"item\":\"https:\/\/stelladigitalcreations.com\/\"},{\"@type\":\"ListItem\",\"position\":2,\"name\":\"Digital Marketing tailored to your needs\",\"item\":\"https:\/\/stelladigitalcreations.com\/digital-marketing\"},{\"@type\":\"ListItem\",\"position\":3,\"name\":\"Copywriting\"}]},{\"@type\":\"WebSite\",\"@id\":\"https:\/\/stelladigitalcreations.com\/#website\",\"url\":\"https:\/\/stelladigitalcreations.com\/\",\"name\":\"Stella Digital Creations - Marija Pekovi\u0107 Heckert\",\"description\":\"\",\"publisher\":{\"@id\":\"https:\/\/stelladigitalcreations.com\/#organization\"},\"potentialAction\":[{\"@type\":\"SearchAction\",\"target\":{\"@type\":\"EntryPoint\",\"urlTemplate\":\"https:\/\/stelladigitalcreations.com\/?s={search_term_string}\"},\"query-input\":{\"@type\":\"PropertyValueSpecification\",\"valueRequired\":true,\"valueName\":\"search_term_string\"}}],\"inLanguage\":\"de-DE\"},{\"@type\":\"Organization\",\"@id\":\"https:\/\/stelladigitalcreations.com\/#organization\",\"name\":\"Stella Digital Creations - Marija Pekovi\u0107 Heckert\",\"url\":\"https:\/\/stelladigitalcreations.com\/\",\"logo\":{\"@type\":\"ImageObject\",\"inLanguage\":\"de-DE\",\"@id\":\"https:\/\/stelladigitalcreations.com\/#\/schema\/logo\/image\/\",\"url\":\"https:\/\/stelladigitalcreations.com\/wp-content\/uploads\/2022\/11\/cropped-SDCwhite_cut-1.png\",\"contentUrl\":\"https:\/\/stelladigitalcreations.com\/wp-content\/uploads\/2022\/11\/cropped-SDCwhite_cut-1.png\",\"width\":760,\"height\":400,\"caption\":\"Stella Digital Creations - Marija Pekovi\u0107 Heckert\"},\"image\":{\"@id\":\"https:\/\/stelladigitalcreations.com\/#\/schema\/logo\/image\/\"}}]}<\/script>\n<!-- \/ Yoast SEO plugin. -->","yoast_head_json":{"title":"Copywriting - Stella Digital Creations - Marija Pekovi\u0107 Heckert","description":"Durch unser Copywriting verhelfen wir deinem Business zum entscheidenden Marktvorteil durch auf deine Zielgruppe zugeschnittene Texte","robots":{"index":"index","follow":"follow","max-snippet":"max-snippet:-1","max-image-preview":"max-image-preview:large","max-video-preview":"max-video-preview:-1"},"canonical":"https:\/\/stelladigitalcreations.com\/digital-marketing\/copywriting-2","og_locale":"de_DE","og_type":"article","og_title":"Copywriting - Stella Digital Creations - Marija Pekovi\u0107 Heckert","og_description":"Durch unser Copywriting verhelfen wir deinem Business zum entscheidenden Marktvorteil durch auf deine Zielgruppe zugeschnittene Texte","og_url":"https:\/\/stelladigitalcreations.com\/digital-marketing\/copywriting-2","og_site_name":"Stella Digital Creations - Marija Pekovi\u0107 Heckert","article_modified_time":"2022-12-28T17:09:23+00:00","twitter_card":"summary_large_image","twitter_misc":{"Est. reading time":"1 minute"},"schema":{"@context":"https:\/\/schema.org","@graph":[{"@type":"WebPage","@id":"https:\/\/stelladigitalcreations.com\/digital-marketing\/copywriting-2","url":"https:\/\/stelladigitalcreations.com\/digital-marketing\/copywriting-2","name":"Copywriting - Stella Digital Creations - Marija Pekovi\u0107 Heckert","isPartOf":{"@id":"https:\/\/stelladigitalcreations.com\/#website"},"datePublished":"2022-08-14T15:24:38+00:00","dateModified":"2022-12-28T17:09:23+00:00","description":"Durch unser Copywriting verhelfen wir deinem Business zum entscheidenden Marktvorteil durch auf deine Zielgruppe zugeschnittene Texte","breadcrumb":{"@id":"https:\/\/stelladigitalcreations.com\/digital-marketing\/copywriting-2#breadcrumb"},"inLanguage":"de-DE","potentialAction":[{"@type":"ReadAction","target":["https:\/\/stelladigitalcreations.com\/digital-marketing\/copywriting-2"]}]},{"@type":"BreadcrumbList","@id":"https:\/\/stelladigitalcreations.com\/digital-marketing\/copywriting-2#breadcrumb","itemListElement":[{"@type":"ListItem","position":1,"name":"Home","item":"https:\/\/stelladigitalcreations.com\/"},{"@type":"ListItem","position":2,"name":"Digital Marketing tailored to your needs","item":"https:\/\/stelladigitalcreations.com\/digital-marketing"},{"@type":"ListItem","position":3,"name":"Copywriting"}]},{"@type":"WebSite","@id":"https:\/\/stelladigitalcreations.com\/#website","url":"https:\/\/stelladigitalcreations.com\/","name":"Stella Digital Creations - Marija Pekovi\u0107 Heckert","description":"","publisher":{"@id":"https:\/\/stelladigitalcreations.com\/#organization"},"potentialAction":[{"@type":"SearchAction","target":{"@type":"EntryPoint","urlTemplate":"https:\/\/stelladigitalcreations.com\/?s={search_term_string}"},"query-input":{"@type":"PropertyValueSpecification","valueRequired":true,"valueName":"search_term_string"}}],"inLanguage":"de-DE"},{"@type":"Organization","@id":"https:\/\/stelladigitalcreations.com\/#organization","name":"Stella Digital Creations - Marija Pekovi\u0107 Heckert","url":"https:\/\/stelladigitalcreations.com\/","logo":{"@type":"ImageObject","inLanguage":"de-DE","@id":"https:\/\/stelladigitalcreations.com\/#\/schema\/logo\/image\/","url":"https:\/\/stelladigitalcreations.com\/wp-content\/uploads\/2022\/11\/cropped-SDCwhite_cut-1.png","contentUrl":"https:\/\/stelladigitalcreations.com\/wp-content\/uploads\/2022\/11\/cropped-SDCwhite_cut-1.png","width":760,"height":400,"caption":"Stella Digital Creations - Marija Pekovi\u0107 Heckert"},"image":{"@id":"https:\/\/stelladigitalcreations.com\/#\/schema\/logo\/image\/"}}]}},"jetpack_sharing_enabled":true,"_links":{"self":[{"href":"https:\/\/stelladigitalcreations.com\/de\/wp-json\/wp\/v2\/pages\/108"}],"collection":[{"href":"https:\/\/stelladigitalcreations.com\/de\/wp-json\/wp\/v2\/pages"}],"about":[{"href":"https:\/\/stelladigitalcreations.com\/de\/wp-json\/wp\/v2\/types\/page"}],"author":[{"embeddable":true,"href":"https:\/\/stelladigitalcreations.com\/de\/wp-json\/wp\/v2\/users\/1"}],"replies":[{"embeddable":true,"href":"https:\/\/stelladigitalcreations.com\/de\/wp-json\/wp\/v2\/comments?post=108"}],"version-history":[{"count":10,"href":"https:\/\/stelladigitalcreations.com\/de\/wp-json\/wp\/v2\/pages\/108\/revisions"}],"predecessor-version":[{"id":610,"href":"https:\/\/stelladigitalcreations.com\/de\/wp-json\/wp\/v2\/pages\/108\/revisions\/610"}],"up":[{"embeddable":true,"href":"https:\/\/stelladigitalcreations.com\/de\/wp-json\/wp\/v2\/pages\/80"}],"wp:attachment":[{"href":"https:\/\/stelladigitalcreations.com\/de\/wp-json\/wp\/v2\/media?parent=108"}],"curies":[{"name":"wp","href":"https:\/\/api.w.org\/{rel}","templated":true}]}}