{"id":106,"date":"2022-08-14T15:23:06","date_gmt":"2022-08-14T15:23:06","guid":{"rendered":"http:\/\/stelladigitalcreations.com\/?page_id=106"},"modified":"2022-12-28T18:09:03","modified_gmt":"2022-12-28T17:09:03","slug":"social-media-management","status":"publish","type":"page","link":"https:\/\/stelladigitalcreations.com\/de\/digital-marketing\/social-media-management","title":{"rendered":"Social Media Management"},"content":{"rendered":"\n<p>Es wird gesch\u00e4tzt, dass zirka viereinhalb Milliarden Menschen  soziale Medien nutzen &#8211; mit steigneder Tendenz. Deren immenser Einfluss ist also eindeutig. Wenn  Sie diesen Einfluss zu Ihrem Vorteil nutzen m\u00f6chten und Ihren  Auftritt auf Plattformen wie Instagram, Facebook, Twitter, LinkedIn, u.\u00e4. verbessern m\u00f6chten, sind wir f\u00fcr Sie da. Unser Social Media Management erlaubt es Ihnen auf effiziente Art und Weise einfallsreiche und \u00fcberzeugend Social Media Auftritte zu haben, w\u00e4hrend Sie sich auf Ihr Kerngesch\u00e4ft konzentrieren kannst.<\/p>\n\n\n\n<p><br>Bei Stella Digital Creations bieten wir die gesamte Bandbreite an Social Media Management Dienstleistungen an. Zusammen mit Ihnen erarbeiten wir die richtige Strategie f\u00fcr Sie, managen Ihre Accounts, kreieren ma\u00dfgeschneiderten Content, ver\u00f6ffentlichen regelm\u00e4\u00dfig Posts, interagieren mit Ihrer  Community,  und beobachten die Performance Ihrer Accounts. <\/p>\n\n\n\n<div style=\"height:50px\" aria-hidden=\"true\" class=\"wp-block-spacer\"><\/div>\n\n\n<style>.wp-block-kadence-column.kb-section-dir-horizontal > .kt-inside-inner-col > #kt-info-box_e9e98c-8b .kt-blocks-info-box-link-wrap{max-width:unset;}#kt-info-box_e9e98c-8b .kt-blocks-info-box-link-wrap{padding-top:var(--global-kb-spacing-xs, 1rem);padding-right:var(--global-kb-spacing-xs, 1rem);padding-bottom:var(--global-kb-spacing-xs, 1rem);padding-left:var(--global-kb-spacing-xs, 1rem);}#kt-info-box_e9e98c-8b .kadence-info-box-icon-container .kt-info-svg-icon, #kt-info-box_e9e98c-8b .kt-info-svg-icon-flip, #kt-info-box_e9e98c-8b .kt-blocks-info-box-number{font-size:50px;}#kt-info-box_e9e98c-8b .kt-blocks-info-box-media{color:#444444;border-top-width:0px;border-right-width:0px;border-bottom-width:0px;border-left-width:0px;padding-top:10px;padding-right:10px;padding-bottom:10px;padding-left:10px;}#kt-info-box_e9e98c-8b .kt-blocks-info-box-media-container{margin-top:0px;margin-right:15px;margin-bottom:0px;margin-left:15px;}#kt-info-box_e9e98c-8b .kt-blocks-info-box-link-wrap:hover .kt-blocks-info-box-media{color:#444444;}#kt-info-box_e9e98c-8b .kt-blocks-info-box-learnmore{background:transparent;border-width:0px 0px 0px 0px;padding-top:4px;padding-right:8px;padding-bottom:4px;padding-left:8px;margin-top:10px;margin-right:0px;margin-bottom:10px;margin-left:0px;}<\/style>\n<div id=\"kt-info-box_e9e98c-8b\" class=\"wp-block-kadence-infobox\"><a class=\"kt-blocks-info-box-link-wrap info-box-link kt-blocks-info-box-media-align-top kt-info-halign-center\" href=\"https:\/\/stelladigitalcreations.com\/contact-me\"><div class=\"kt-blocks-info-box-media-container\"><div class=\"kt-blocks-info-box-media kt-info-media-animate-none\"><div class=\"kadence-info-box-icon-container kt-info-icon-animate-none\"><div class=\"kadence-info-box-icon-inner-container\"><span style=\"display:block;justify-content:center;align-items:center\" class=\"kt-info-svg-icon kt-info-svg-icon-fe_messageCircle\"><svg style=\"display:inline-block;vertical-align:middle\" viewBox=\"0 0 24 24\" height=\"50\" width=\"50\" fill=\"none\" stroke=\"currentColor\" xmlns=\"http:\/\/www.w3.org\/2000\/svg\" stroke-width=\"2\" stroke-linecap=\"round\" stroke-linejoin=\"round\" aria-hidden=\"true\"><path d=\"M21 11.5a8.38 8.38 0 0 1-.9 3.8 8.5 8.5 0 0 1-7.6 4.7 8.38 8.38 0 0 1-3.8-.9L3 21l1.9-5.7a8.38 8.38 0 0 1-.9-3.8 8.5 8.5 0 0 1 4.7-7.6 8.38 8.38 0 0 1 3.8-.9h.5a8.48 8.48 0 0 1 8 8v.5z\"><\/path><\/svg><\/span><\/div><\/div><\/div><\/div><div class=\"kt-infobox-textcontent\"><h2 class=\"kt-blocks-info-box-title\">Schreiben Sie uns!<\/h2><p class=\"kt-blocks-info-box-text\">Und entdecken Sie individuelle L\u00f6sungen die zu IhrenBed\u00fcrfnissen passen.<\/p><\/div><\/a><\/div>\n","protected":false},"excerpt":{"rendered":"<p>Es wird gesch\u00e4tzt, dass zirka viereinhalb Milliarden Menschen soziale Medien nutzen &#8211; mit steigneder Tendenz. Deren immenser Einfluss ist also eindeutig. Wenn Sie diesen Einfluss zu Ihrem Vorteil nutzen m\u00f6chten und Ihren Auftritt auf Plattformen wie Instagram, Facebook, Twitter, LinkedIn, u.\u00e4. verbessern m\u00f6chten, sind wir f\u00fcr Sie da. Unser Social Media Management erlaubt es Ihnen &hellip; <\/p>\n","protected":false},"author":1,"featured_media":0,"parent":80,"menu_order":0,"comment_status":"closed","ping_status":"closed","template":"","meta":{"footnotes":""},"translation":{"provider":"WPGlobus","version":"3.0.2","language":"de","enabled_languages":["en","de","it","sh","sr"],"languages":{"en":{"title":true,"content":true,"excerpt":false},"de":{"title":true,"content":true,"excerpt":false},"it":{"title":false,"content":false,"excerpt":false},"sh":{"title":false,"content":false,"excerpt":false},"sr":{"title":false,"content":false,"excerpt":false}}},"yoast_head":"<!-- This site is optimized with the Yoast SEO plugin v24.5 - https:\/\/yoast.com\/wordpress\/plugins\/seo\/ -->\n<title>Social Media Management  - Stella Digital Creations - Marija Pekovi\u0107 Heckert<\/title>\n<meta name=\"description\" content=\"Gute Social Media Profile sind wirkm\u00e4chtig, aber ressourcenintensiv. Profitiere von unserem Social Media Management und erreiche Exzellenz!\" \/>\n<meta name=\"robots\" content=\"index, follow, max-snippet:-1, max-image-preview:large, max-video-preview:-1\" \/>\n<link rel=\"canonical\" href=\"https:\/\/stelladigitalcreations.com\/digital-marketing\/social-media-management\" \/>\n<meta property=\"og:locale\" content=\"de_DE\" \/>\n<meta property=\"og:type\" content=\"article\" \/>\n<meta property=\"og:title\" content=\"Social Media Management  - Stella Digital Creations - Marija Pekovi\u0107 Heckert\" \/>\n<meta property=\"og:description\" content=\"Gute Social Media Profile sind wirkm\u00e4chtig, aber ressourcenintensiv. Profitiere von unserem Social Media Management und erreiche Exzellenz!\" \/>\n<meta property=\"og:url\" content=\"https:\/\/stelladigitalcreations.com\/digital-marketing\/social-media-management\" \/>\n<meta property=\"og:site_name\" content=\"Stella Digital Creations - Marija Pekovi\u0107 Heckert\" \/>\n<meta property=\"article:modified_time\" content=\"2022-12-28T17:09:03+00:00\" \/>\n<meta name=\"twitter:card\" content=\"summary_large_image\" \/>\n<meta name=\"twitter:label1\" content=\"Est. reading time\" \/>\n\t<meta name=\"twitter:data1\" content=\"1 minute\" \/>\n<script type=\"application\/ld+json\" class=\"yoast-schema-graph\">{\"@context\":\"https:\/\/schema.org\",\"@graph\":[{\"@type\":\"WebPage\",\"@id\":\"https:\/\/stelladigitalcreations.com\/digital-marketing\/social-media-management\",\"url\":\"https:\/\/stelladigitalcreations.com\/digital-marketing\/social-media-management\",\"name\":\"Social Media Management - Stella Digital Creations - Marija Pekovi\u0107 Heckert\",\"isPartOf\":{\"@id\":\"https:\/\/stelladigitalcreations.com\/#website\"},\"datePublished\":\"2022-08-14T15:23:06+00:00\",\"dateModified\":\"2022-12-28T17:09:03+00:00\",\"description\":\"Gute Social Media Profile sind wirkm\u00e4chtig, aber ressourcenintensiv. Profitiere von unserem Social Media Management und erreiche Exzellenz!\",\"breadcrumb\":{\"@id\":\"https:\/\/stelladigitalcreations.com\/digital-marketing\/social-media-management#breadcrumb\"},\"inLanguage\":\"de-DE\",\"potentialAction\":[{\"@type\":\"ReadAction\",\"target\":[\"https:\/\/stelladigitalcreations.com\/digital-marketing\/social-media-management\"]}]},{\"@type\":\"BreadcrumbList\",\"@id\":\"https:\/\/stelladigitalcreations.com\/digital-marketing\/social-media-management#breadcrumb\",\"itemListElement\":[{\"@type\":\"ListItem\",\"position\":1,\"name\":\"Home\",\"item\":\"https:\/\/stelladigitalcreations.com\/\"},{\"@type\":\"ListItem\",\"position\":2,\"name\":\"Digital Marketing tailored to your needs\",\"item\":\"https:\/\/stelladigitalcreations.com\/digital-marketing\"},{\"@type\":\"ListItem\",\"position\":3,\"name\":\"Social Media Management\"}]},{\"@type\":\"WebSite\",\"@id\":\"https:\/\/stelladigitalcreations.com\/#website\",\"url\":\"https:\/\/stelladigitalcreations.com\/\",\"name\":\"Stella Digital Creations - Marija Pekovi\u0107 Heckert\",\"description\":\"\",\"publisher\":{\"@id\":\"https:\/\/stelladigitalcreations.com\/#organization\"},\"potentialAction\":[{\"@type\":\"SearchAction\",\"target\":{\"@type\":\"EntryPoint\",\"urlTemplate\":\"https:\/\/stelladigitalcreations.com\/?s={search_term_string}\"},\"query-input\":{\"@type\":\"PropertyValueSpecification\",\"valueRequired\":true,\"valueName\":\"search_term_string\"}}],\"inLanguage\":\"de-DE\"},{\"@type\":\"Organization\",\"@id\":\"https:\/\/stelladigitalcreations.com\/#organization\",\"name\":\"Stella Digital Creations - Marija Pekovi\u0107 Heckert\",\"url\":\"https:\/\/stelladigitalcreations.com\/\",\"logo\":{\"@type\":\"ImageObject\",\"inLanguage\":\"de-DE\",\"@id\":\"https:\/\/stelladigitalcreations.com\/#\/schema\/logo\/image\/\",\"url\":\"https:\/\/stelladigitalcreations.com\/wp-content\/uploads\/2022\/11\/cropped-SDCwhite_cut-1.png\",\"contentUrl\":\"https:\/\/stelladigitalcreations.com\/wp-content\/uploads\/2022\/11\/cropped-SDCwhite_cut-1.png\",\"width\":760,\"height\":400,\"caption\":\"Stella Digital Creations - Marija Pekovi\u0107 Heckert\"},\"image\":{\"@id\":\"https:\/\/stelladigitalcreations.com\/#\/schema\/logo\/image\/\"}}]}<\/script>\n<!-- \/ Yoast SEO plugin. -->","yoast_head_json":{"title":"Social Media Management  - Stella Digital Creations - Marija Pekovi\u0107 Heckert","description":"Gute Social Media Profile sind wirkm\u00e4chtig, aber ressourcenintensiv. Profitiere von unserem Social Media Management und erreiche Exzellenz!","robots":{"index":"index","follow":"follow","max-snippet":"max-snippet:-1","max-image-preview":"max-image-preview:large","max-video-preview":"max-video-preview:-1"},"canonical":"https:\/\/stelladigitalcreations.com\/digital-marketing\/social-media-management","og_locale":"de_DE","og_type":"article","og_title":"Social Media Management  - Stella Digital Creations - Marija Pekovi\u0107 Heckert","og_description":"Gute Social Media Profile sind wirkm\u00e4chtig, aber ressourcenintensiv. Profitiere von unserem Social Media Management und erreiche Exzellenz!","og_url":"https:\/\/stelladigitalcreations.com\/digital-marketing\/social-media-management","og_site_name":"Stella Digital Creations - Marija Pekovi\u0107 Heckert","article_modified_time":"2022-12-28T17:09:03+00:00","twitter_card":"summary_large_image","twitter_misc":{"Est. reading time":"1 minute"},"schema":{"@context":"https:\/\/schema.org","@graph":[{"@type":"WebPage","@id":"https:\/\/stelladigitalcreations.com\/digital-marketing\/social-media-management","url":"https:\/\/stelladigitalcreations.com\/digital-marketing\/social-media-management","name":"Social Media Management - Stella Digital Creations - Marija Pekovi\u0107 Heckert","isPartOf":{"@id":"https:\/\/stelladigitalcreations.com\/#website"},"datePublished":"2022-08-14T15:23:06+00:00","dateModified":"2022-12-28T17:09:03+00:00","description":"Gute Social Media Profile sind wirkm\u00e4chtig, aber ressourcenintensiv. Profitiere von unserem Social Media Management und erreiche Exzellenz!","breadcrumb":{"@id":"https:\/\/stelladigitalcreations.com\/digital-marketing\/social-media-management#breadcrumb"},"inLanguage":"de-DE","potentialAction":[{"@type":"ReadAction","target":["https:\/\/stelladigitalcreations.com\/digital-marketing\/social-media-management"]}]},{"@type":"BreadcrumbList","@id":"https:\/\/stelladigitalcreations.com\/digital-marketing\/social-media-management#breadcrumb","itemListElement":[{"@type":"ListItem","position":1,"name":"Home","item":"https:\/\/stelladigitalcreations.com\/"},{"@type":"ListItem","position":2,"name":"Digital Marketing tailored to your needs","item":"https:\/\/stelladigitalcreations.com\/digital-marketing"},{"@type":"ListItem","position":3,"name":"Social Media Management"}]},{"@type":"WebSite","@id":"https:\/\/stelladigitalcreations.com\/#website","url":"https:\/\/stelladigitalcreations.com\/","name":"Stella Digital Creations - Marija Pekovi\u0107 Heckert","description":"","publisher":{"@id":"https:\/\/stelladigitalcreations.com\/#organization"},"potentialAction":[{"@type":"SearchAction","target":{"@type":"EntryPoint","urlTemplate":"https:\/\/stelladigitalcreations.com\/?s={search_term_string}"},"query-input":{"@type":"PropertyValueSpecification","valueRequired":true,"valueName":"search_term_string"}}],"inLanguage":"de-DE"},{"@type":"Organization","@id":"https:\/\/stelladigitalcreations.com\/#organization","name":"Stella Digital Creations - Marija Pekovi\u0107 Heckert","url":"https:\/\/stelladigitalcreations.com\/","logo":{"@type":"ImageObject","inLanguage":"de-DE","@id":"https:\/\/stelladigitalcreations.com\/#\/schema\/logo\/image\/","url":"https:\/\/stelladigitalcreations.com\/wp-content\/uploads\/2022\/11\/cropped-SDCwhite_cut-1.png","contentUrl":"https:\/\/stelladigitalcreations.com\/wp-content\/uploads\/2022\/11\/cropped-SDCwhite_cut-1.png","width":760,"height":400,"caption":"Stella Digital Creations - Marija Pekovi\u0107 Heckert"},"image":{"@id":"https:\/\/stelladigitalcreations.com\/#\/schema\/logo\/image\/"}}]}},"jetpack_sharing_enabled":true,"_links":{"self":[{"href":"https:\/\/stelladigitalcreations.com\/de\/wp-json\/wp\/v2\/pages\/106"}],"collection":[{"href":"https:\/\/stelladigitalcreations.com\/de\/wp-json\/wp\/v2\/pages"}],"about":[{"href":"https:\/\/stelladigitalcreations.com\/de\/wp-json\/wp\/v2\/types\/page"}],"author":[{"embeddable":true,"href":"https:\/\/stelladigitalcreations.com\/de\/wp-json\/wp\/v2\/users\/1"}],"replies":[{"embeddable":true,"href":"https:\/\/stelladigitalcreations.com\/de\/wp-json\/wp\/v2\/comments?post=106"}],"version-history":[{"count":10,"href":"https:\/\/stelladigitalcreations.com\/de\/wp-json\/wp\/v2\/pages\/106\/revisions"}],"predecessor-version":[{"id":609,"href":"https:\/\/stelladigitalcreations.com\/de\/wp-json\/wp\/v2\/pages\/106\/revisions\/609"}],"up":[{"embeddable":true,"href":"https:\/\/stelladigitalcreations.com\/de\/wp-json\/wp\/v2\/pages\/80"}],"wp:attachment":[{"href":"https:\/\/stelladigitalcreations.com\/de\/wp-json\/wp\/v2\/media?parent=106"}],"curies":[{"name":"wp","href":"https:\/\/api.w.org\/{rel}","templated":true}]}}